{"id":74122,"date":"2021-03-18T14:43:44","date_gmt":"2021-03-18T13:43:44","guid":{"rendered":"https:\/\/www.kinergie.eu\/?page_id=74122"},"modified":"2022-02-14T18:03:50","modified_gmt":"2022-02-14T17:03:50","slug":"geriatrie","status":"publish","type":"page","link":"https:\/\/www.kinergie.eu\/?page_id=74122","title":{"rendered":"G\u00e9riatrie"},"content":{"rendered":"<p>[vc_row][vc_column width=\u00a0\u00bb1\/2&Prime;][vc_custom_heading text_color=\u00a0\u00bbcolor-112796&Prime; separator=\u00a0\u00bbyes\u00a0\u00bb]G\u00e9riatrie[\/vc_custom_heading][vc_column_text]En fonction des besoins de la <span style=\"color: #fc7e00;\">personne \u00e2g\u00e9e<\/span>, les kin\u00e9s adapteront leur <span style=\"color: #fc7e00;\">traitement<\/span> et s\u2019adapteront aux exigences de leur \u00e9tat de sant\u00e9.<br \/>\nSelon les soins requis, le traitement se fera au <span style=\"color: #fc7e00;\">cabinet<\/span>, \u00e0 <span style=\"color: #fc7e00;\">domicile<\/span> ou dans un <span style=\"color: #fc7e00;\">panachage des deux<\/span>.[\/vc_column_text][\/vc_column][vc_column width=\u00a0\u00bb1\/2&Prime;][vc_empty_space empty_h=\u00a0\u00bb3&Prime;][vc_single_image media=\u00a0\u00bb74237&Prime; media_width_percent=\u00a0\u00bb85&Prime;][\/vc_column][\/vc_row][vc_row][vc_column width=\u00a0\u00bb1\/1&Prime;][vc_separator sep_color=\u00a0\u00bbcolor-dfgh\u00a0\u00bb][\/vc_column][\/vc_row]<\/p>\n","protected":false},"excerpt":{"rendered":"<p>[vc_row][vc_column width=\u00a0\u00bb1\/2&Prime;][vc_custom_heading text_color=\u00a0\u00bbcolor-112796&Prime; separator=\u00a0\u00bbyes\u00a0\u00bb]G\u00e9riatrie[\/vc_custom_heading][vc_column_text]En fonction des besoins de la personne \u00e2g\u00e9e, les kin\u00e9s adapteront leur traitement et s\u2019adapteront aux exigences [&hellip;]<\/p>\n","protected":false},"author":1,"featured_media":0,"parent":0,"menu_order":0,"comment_status":"closed","ping_status":"closed","template":"","meta":[],"yoast_head":"<!-- This site is optimized with the Yoast SEO plugin v21.1 - https:\/\/yoast.com\/wordpress\/plugins\/seo\/ -->\n<title>G\u00e9riatrie - kinergie<\/title>\n<meta name=\"robots\" content=\"index, follow, max-snippet:-1, max-image-preview:large, max-video-preview:-1\" \/>\n<link rel=\"canonical\" href=\"https:\/\/www.kinergie.eu\/?page_id=74122\" \/>\n<meta property=\"og:locale\" content=\"fr_FR\" \/>\n<meta property=\"og:type\" content=\"article\" \/>\n<meta property=\"og:title\" content=\"G\u00e9riatrie - kinergie\" \/>\n<meta property=\"og:description\" content=\"[vc_row][vc_column width=\u00a0\u00bb1\/2&Prime;][vc_custom_heading text_color=\u00a0\u00bbcolor-112796&Prime; separator=\u00a0\u00bbyes\u00a0\u00bb]G\u00e9riatrie[\/vc_custom_heading][vc_column_text]En fonction des besoins de la personne \u00e2g\u00e9e, les kin\u00e9s adapteront leur traitement et s\u2019adapteront aux exigences [&hellip;]\" \/>\n<meta property=\"og:url\" content=\"https:\/\/www.kinergie.eu\/?page_id=74122\" \/>\n<meta property=\"og:site_name\" content=\"kinergie\" \/>\n<meta property=\"article:modified_time\" content=\"2022-02-14T17:03:50+00:00\" \/>\n<meta name=\"twitter:card\" content=\"summary_large_image\" \/>\n<meta name=\"twitter:label1\" content=\"Dur\u00e9e de lecture estim\u00e9e\" \/>\n\t<meta name=\"twitter:data1\" content=\"1 minute\" \/>\n<script type=\"application\/ld+json\" class=\"yoast-schema-graph\">{\"@context\":\"https:\/\/schema.org\",\"@graph\":[{\"@type\":\"WebPage\",\"@id\":\"https:\/\/www.kinergie.eu\/?page_id=74122\",\"url\":\"https:\/\/www.kinergie.eu\/?page_id=74122\",\"name\":\"G\u00e9riatrie - kinergie\",\"isPartOf\":{\"@id\":\"https:\/\/www.kinergie.eu\/#website\"},\"datePublished\":\"2021-03-18T13:43:44+00:00\",\"dateModified\":\"2022-02-14T17:03:50+00:00\",\"breadcrumb\":{\"@id\":\"https:\/\/www.kinergie.eu\/?page_id=74122#breadcrumb\"},\"inLanguage\":\"fr-FR\",\"potentialAction\":[{\"@type\":\"ReadAction\",\"target\":[\"https:\/\/www.kinergie.eu\/?page_id=74122\"]}]},{\"@type\":\"BreadcrumbList\",\"@id\":\"https:\/\/www.kinergie.eu\/?page_id=74122#breadcrumb\",\"itemListElement\":[{\"@type\":\"ListItem\",\"position\":1,\"name\":\"Accueil\",\"item\":\"https:\/\/www.kinergie.eu\/\"},{\"@type\":\"ListItem\",\"position\":2,\"name\":\"G\u00e9riatrie\"}]},{\"@type\":\"WebSite\",\"@id\":\"https:\/\/www.kinergie.eu\/#website\",\"url\":\"https:\/\/www.kinergie.eu\/\",\"name\":\"Kinergie\",\"description\":\"Centre Kin\u00e9 \u00e0 Uccle\",\"publisher\":{\"@id\":\"https:\/\/www.kinergie.eu\/#organization\"},\"potentialAction\":[{\"@type\":\"SearchAction\",\"target\":{\"@type\":\"EntryPoint\",\"urlTemplate\":\"https:\/\/www.kinergie.eu\/?s={search_term_string}\"},\"query-input\":\"required name=search_term_string\"}],\"inLanguage\":\"fr-FR\"},{\"@type\":\"Organization\",\"@id\":\"https:\/\/www.kinergie.eu\/#organization\",\"name\":\"Kinergie\",\"url\":\"https:\/\/www.kinergie.eu\/\",\"logo\":{\"@type\":\"ImageObject\",\"inLanguage\":\"fr-FR\",\"@id\":\"https:\/\/www.kinergie.eu\/#\/schema\/logo\/image\/\",\"url\":\"https:\/\/www.kinergie.eu\/wp-content\/uploads\/2019\/01\/Logo12.png\",\"contentUrl\":\"https:\/\/www.kinergie.eu\/wp-content\/uploads\/2019\/01\/Logo12.png\",\"width\":700,\"height\":782,\"caption\":\"Kinergie\"},\"image\":{\"@id\":\"https:\/\/www.kinergie.eu\/#\/schema\/logo\/image\/\"}}]}<\/script>\n<!-- \/ Yoast SEO plugin. -->","yoast_head_json":{"title":"G\u00e9riatrie - kinergie","robots":{"index":"index","follow":"follow","max-snippet":"max-snippet:-1","max-image-preview":"max-image-preview:large","max-video-preview":"max-video-preview:-1"},"canonical":"https:\/\/www.kinergie.eu\/?page_id=74122","og_locale":"fr_FR","og_type":"article","og_title":"G\u00e9riatrie - kinergie","og_description":"[vc_row][vc_column width=\u00a0\u00bb1\/2&Prime;][vc_custom_heading text_color=\u00a0\u00bbcolor-112796&Prime; separator=\u00a0\u00bbyes\u00a0\u00bb]G\u00e9riatrie[\/vc_custom_heading][vc_column_text]En fonction des besoins de la personne \u00e2g\u00e9e, les kin\u00e9s adapteront leur traitement et s\u2019adapteront aux exigences [&hellip;]","og_url":"https:\/\/www.kinergie.eu\/?page_id=74122","og_site_name":"kinergie","article_modified_time":"2022-02-14T17:03:50+00:00","twitter_card":"summary_large_image","twitter_misc":{"Dur\u00e9e de lecture estim\u00e9e":"1 minute"},"schema":{"@context":"https:\/\/schema.org","@graph":[{"@type":"WebPage","@id":"https:\/\/www.kinergie.eu\/?page_id=74122","url":"https:\/\/www.kinergie.eu\/?page_id=74122","name":"G\u00e9riatrie - kinergie","isPartOf":{"@id":"https:\/\/www.kinergie.eu\/#website"},"datePublished":"2021-03-18T13:43:44+00:00","dateModified":"2022-02-14T17:03:50+00:00","breadcrumb":{"@id":"https:\/\/www.kinergie.eu\/?page_id=74122#breadcrumb"},"inLanguage":"fr-FR","potentialAction":[{"@type":"ReadAction","target":["https:\/\/www.kinergie.eu\/?page_id=74122"]}]},{"@type":"BreadcrumbList","@id":"https:\/\/www.kinergie.eu\/?page_id=74122#breadcrumb","itemListElement":[{"@type":"ListItem","position":1,"name":"Accueil","item":"https:\/\/www.kinergie.eu\/"},{"@type":"ListItem","position":2,"name":"G\u00e9riatrie"}]},{"@type":"WebSite","@id":"https:\/\/www.kinergie.eu\/#website","url":"https:\/\/www.kinergie.eu\/","name":"Kinergie","description":"Centre Kin\u00e9 \u00e0 Uccle","publisher":{"@id":"https:\/\/www.kinergie.eu\/#organization"},"potentialAction":[{"@type":"SearchAction","target":{"@type":"EntryPoint","urlTemplate":"https:\/\/www.kinergie.eu\/?s={search_term_string}"},"query-input":"required name=search_term_string"}],"inLanguage":"fr-FR"},{"@type":"Organization","@id":"https:\/\/www.kinergie.eu\/#organization","name":"Kinergie","url":"https:\/\/www.kinergie.eu\/","logo":{"@type":"ImageObject","inLanguage":"fr-FR","@id":"https:\/\/www.kinergie.eu\/#\/schema\/logo\/image\/","url":"https:\/\/www.kinergie.eu\/wp-content\/uploads\/2019\/01\/Logo12.png","contentUrl":"https:\/\/www.kinergie.eu\/wp-content\/uploads\/2019\/01\/Logo12.png","width":700,"height":782,"caption":"Kinergie"},"image":{"@id":"https:\/\/www.kinergie.eu\/#\/schema\/logo\/image\/"}}]}},"_links":{"self":[{"href":"https:\/\/www.kinergie.eu\/index.php?rest_route=\/wp\/v2\/pages\/74122"}],"collection":[{"href":"https:\/\/www.kinergie.eu\/index.php?rest_route=\/wp\/v2\/pages"}],"about":[{"href":"https:\/\/www.kinergie.eu\/index.php?rest_route=\/wp\/v2\/types\/page"}],"author":[{"embeddable":true,"href":"https:\/\/www.kinergie.eu\/index.php?rest_route=\/wp\/v2\/users\/1"}],"replies":[{"embeddable":true,"href":"https:\/\/www.kinergie.eu\/index.php?rest_route=%2Fwp%2Fv2%2Fcomments&post=74122"}],"version-history":[{"count":5,"href":"https:\/\/www.kinergie.eu\/index.php?rest_route=\/wp\/v2\/pages\/74122\/revisions"}],"predecessor-version":[{"id":74238,"href":"https:\/\/www.kinergie.eu\/index.php?rest_route=\/wp\/v2\/pages\/74122\/revisions\/74238"}],"wp:attachment":[{"href":"https:\/\/www.kinergie.eu\/index.php?rest_route=%2Fwp%2Fv2%2Fmedia&parent=74122"}],"curies":[{"name":"wp","href":"https:\/\/api.w.org\/{rel}","templated":true}]}}