{"id":74082,"date":"2021-03-15T16:17:40","date_gmt":"2021-03-15T15:17:40","guid":{"rendered":"https:\/\/www.kinergie.eu\/?page_id=74082"},"modified":"2022-02-14T16:42:36","modified_gmt":"2022-02-14T15:42:36","slug":"maite-springuel","status":"publish","type":"page","link":"https:\/\/www.kinergie.eu\/?page_id=74082","title":{"rendered":"Ma\u00eft\u00e9 Springuel"},"content":{"rendered":"<p>[vc_row row_height_percent=\u00a0\u00bb80&Prime; overlay_alpha=\u00a0\u00bb50&Prime; gutter_size=\u00a0\u00bb3&Prime; column_width_percent=\u00a0\u00bb100&Prime; shift_y=\u00a0\u00bb0&Prime; z_index=\u00a0\u00bb0&Prime;][vc_column width=\u00a0\u00bb1\/2&Prime;][vc_custom_heading separator=\u00a0\u00bbyes\u00a0\u00bb]<strong>Ma\u00eft\u00e9 Springuel<\/strong>[\/vc_custom_heading][vc_column_text]<em>Dipl\u00f4m\u00e9e d\u2019un master en <span style=\"color: #fc7e00;\">kin\u00e9sith\u00e9rapie<\/span> depuis 2019 au Parnasse \u00e0 Bruxelles, <\/em><br \/>\n<em><span style=\"color: #fc7e00;\">Th\u00e9rapie manuelle<\/span>\u00a0en cours de formation : certificat universitaire de <span style=\"color: #fc7e00;\">th\u00e9rapie manuelle<\/span> \u00e0 UCLouvain.<\/em><\/p>\n<p><em><span style=\"color: #fc7e00;\">Kin\u00e9sith\u00e9rapie g\u00e9n\u00e9rale<\/span>, <span style=\"color: #fc7e00;\">kin\u00e9 \u00e0 domicile<\/span>, <span style=\"color: #fc7e00;\">th\u00e9rapie manuelle<\/span> (en cours de formation 2020-2022)<\/em>[\/vc_column_text][vc_custom_heading text_color=\u00a0\u00bbcolor-dfgh\u00a0\u00bb]Qui suis-je ?[\/vc_custom_heading][vc_column_text]J\u2019ai toujours aim\u00e9 <span style=\"color: #fc5900;\">bouger<\/span> et la kin\u00e9 est bien un domaine qui me permet de m\u2019\u00e9panouir dans ce sens. Notre corps est fait d\u2019articulations, muscles, os, \u2026 pour pouvoir bouger et <span style=\"color: #fc5900;\">bouger c\u2019est La sant\u00e9<\/span>\u00a0!<br \/>\nJ\u2019ai commenc\u00e9 ma carri\u00e8re professionnelle en travaillant 1 an en Guadeloupe, \u00e0 mi-temps dans un centre de revalidation <span style=\"color: #fc5900;\">g\u00e9riatrique<\/span> et un autre mi-temps dans un cabinet de kin\u00e9 prenant en charge des pathologies <span style=\"color: #fc5900;\">neuro-musculo-squelettique<\/span> (lombalgies, sciatiques, entorses, tendinites, \u2026).<\/p>\n<p>Soucieuse d\u2019un traitement de qualit\u00e9 j\u2019ai d\u00e9cid\u00e9 d\u2019approfondir mes connaissances en suivant une formation en<span style=\"color: #fc5900;\"> th\u00e9rapie manuelle<\/span> qui me donne de nouvelles techniques pour des prises en charge plus optimales.<br \/>\nEn m\u00eame temps, je me suis \u00e9galement lanc\u00e9e comme kin\u00e9sith\u00e9rapeute dans le centre <span style=\"color: #fc5900;\">Kinergie<\/span> d\u2019Uccle.<\/p>\n<p>Le bien-\u00eatre des patients dans leur <span style=\"color: #fc5900;\">globalit\u00e9<\/span> est un aspect qui me tient \u00e0 c\u0153ur. Il est important pour moi de prendre le temps de comprendre leur douleur et d\u2019\u00e9couter leurs besoins. Mon but est de faire \u00e9voluer les patients vers davantage <span style=\"color: #fc5900;\">d\u2019autonomie<\/span> afin qu\u2019ils puissent retrouver leurs activit\u00e9s journali\u00e8res le plus rapidement possible ou tout simplement optimiser leur mani\u00e8re de <span style=\"color: #fc5900;\">se mouvoir<\/span> et r\u00e9duire leur douleur.<\/p>\n<p>Je prends en charge les pathologies<span style=\"color: #fc5900;\"> neuro-musculo-squelettiques<\/span>, <span style=\"color: #fc5900;\">orthop\u00e9diques<\/span>, <span style=\"color: #fc5900;\">traumatologiques<\/span> et <span style=\"color: #fc5900;\">post-op\u00e9ratoire<\/span>. J\u2019ai \u00e9galement un bon contact avec les personnes \u00e2g\u00e9es\u00a0; je m\u2019occupe de la <span style=\"color: #fc5900;\">r\u00e9\u00e9ducation \u00e0 la marche<\/span>, de la <span style=\"color: #fc5900;\">pr\u00e9vention des chutes<\/span> et du <span style=\"color: #fc5900;\">maintien de leur autonomie<\/span>.<\/p>\n<p>Je serai heureuse de vous aider dans la prise en charge de vos probl\u00e8mes de sant\u00e9 au centre <span style=\"color: #fc5900;\">Kinergie<\/span> \u00e0 Uccle ou chez vous \u00e0 <span style=\"color: #fc5900;\">domicile<\/span>.[\/vc_column_text][\/vc_column][vc_column width=\u00a0\u00bb1\/2&Prime;][vc_empty_space empty_h=\u00a0\u00bb3&Prime;][vc_single_image media=\u00a0\u00bb74154&Prime; media_width_percent=\u00a0\u00bb75&Prime;][\/vc_column][\/vc_row][vc_row][vc_column width=\u00a0\u00bb1\/1&Prime;][vc_separator sep_color=\u00a0\u00bbcolor-dfgh\u00a0\u00bb][\/vc_column][\/vc_row][vc_row][vc_column width=\u00a0\u00bb1\/2&Prime;][vc_single_image media=\u00a0\u00bb74228&Prime; media_width_percent=\u00a0\u00bb80&Prime;][\/vc_column][vc_column width=\u00a0\u00bb1\/2&Prime;][vc_column_text]<\/p>\n<h3><strong><span style=\"color: #fc7e00;\">Comp\u00e9tences :<\/span><\/strong><\/h3>\n<p><span style=\"color: #333333;\"><strong><a style=\"color: #333333;\" href=\"http:\/\/www.kinergie.eu\/?page_id=73443\"><u>Kin\u00e9 g\u00e9n\u00e9rale<\/u><\/a><\/strong><\/span><\/p>\n<p><span style=\"color: #333333;\"><strong><a style=\"color: #333333;\" href=\"https:\/\/www.kinergie.eu\/?page_id=74128\"><u>Domicile<\/u><\/a><\/strong><\/span><\/p>\n<p><span style=\"color: #333333;\"><a style=\"color: #333333;\" href=\"https:\/\/www.kinergie.eu\/?page_id=74122\"><strong><u>G\u00e9riatrie<\/u><\/strong><\/a><\/span>[\/vc_column_text][vc_column_text]<\/p>\n<h3><strong><span style=\"color: #fc7e00;\">Comment me joindre ?<\/span><\/strong><\/h3>\n<p><span style=\"color: #333333;\"><strong><a style=\"color: #333333;\" href=\"tel:474294830\"><u>+32474294830<\/u><\/a><\/strong><\/span><\/p>\n<p><span style=\"color: #333333;\"><strong><a style=\"color: #333333;\" href=\"mailto:maitespringuelkine@gmail.com\"><u>maitespringuelkine@gmail.com<\/u><\/a><\/strong><\/span>[\/vc_column_text][vc_column_text]<\/p>\n<h3><strong><span style=\"color: #fc7e00;\">Adresse<\/span><\/strong><\/h3>\n<p class=\"m_5058615310638845275MsoListParagraph\"><b><span style=\"color: #000051;\">Avenue D\u2019Andrimont 62<\/span><\/b><\/p>\n<p class=\"m_5058615310638845275MsoListParagraph\"><b><span style=\"color: #000051;\">1180 Uccle<\/span><\/b><\/p>\n<p class=\"m_5058615310638845275MsoListParagraph\">Entre le Fort-Jaco et la place Saint-job.<\/p>\n<p><span style=\"color: #000051;\"><strong>\u00a0<\/strong><\/span>[\/vc_column_text][\/vc_column][\/vc_row][vc_row][vc_column width=\u00a0\u00bb1\/1&Prime;][vc_separator sep_color=\u00a0\u00bbcolor-dfgh\u00a0\u00bb][\/vc_column][\/vc_row]<\/p>\n","protected":false},"excerpt":{"rendered":"<p>[vc_row row_height_percent=\u00a0\u00bb80&Prime; overlay_alpha=\u00a0\u00bb50&Prime; gutter_size=\u00a0\u00bb3&Prime; column_width_percent=\u00a0\u00bb100&Prime; shift_y=\u00a0\u00bb0&Prime; z_index=\u00a0\u00bb0&Prime;][vc_column width=\u00a0\u00bb1\/2&Prime;][vc_custom_heading separator=\u00a0\u00bbyes\u00a0\u00bb]Ma\u00eft\u00e9 Springuel[\/vc_custom_heading][vc_column_text]Dipl\u00f4m\u00e9e d\u2019un master en kin\u00e9sith\u00e9rapie depuis 2019 au Parnasse \u00e0 Bruxelles, [&hellip;]<\/p>\n","protected":false},"author":1,"featured_media":0,"parent":0,"menu_order":0,"comment_status":"closed","ping_status":"closed","template":"","meta":[],"yoast_head":"<!-- This site is optimized with the Yoast SEO plugin v21.1 - https:\/\/yoast.com\/wordpress\/plugins\/seo\/ -->\n<title>Ma\u00eft\u00e9 Springuel - kinergie<\/title>\n<meta name=\"robots\" content=\"index, follow, max-snippet:-1, max-image-preview:large, max-video-preview:-1\" \/>\n<link rel=\"canonical\" href=\"https:\/\/www.kinergie.eu\/?page_id=74082\" \/>\n<meta property=\"og:locale\" content=\"fr_FR\" \/>\n<meta property=\"og:type\" content=\"article\" \/>\n<meta property=\"og:title\" content=\"Ma\u00eft\u00e9 Springuel - kinergie\" \/>\n<meta property=\"og:description\" content=\"[vc_row row_height_percent=\u00a0\u00bb80&Prime; overlay_alpha=\u00a0\u00bb50&Prime; gutter_size=\u00a0\u00bb3&Prime; column_width_percent=\u00a0\u00bb100&Prime; shift_y=\u00a0\u00bb0&Prime; z_index=\u00a0\u00bb0&Prime;][vc_column width=\u00a0\u00bb1\/2&Prime;][vc_custom_heading separator=\u00a0\u00bbyes\u00a0\u00bb]Ma\u00eft\u00e9 Springuel[\/vc_custom_heading][vc_column_text]Dipl\u00f4m\u00e9e d\u2019un master en kin\u00e9sith\u00e9rapie depuis 2019 au Parnasse \u00e0 Bruxelles, [&hellip;]\" \/>\n<meta property=\"og:url\" content=\"https:\/\/www.kinergie.eu\/?page_id=74082\" \/>\n<meta property=\"og:site_name\" content=\"kinergie\" \/>\n<meta property=\"article:modified_time\" content=\"2022-02-14T15:42:36+00:00\" \/>\n<meta name=\"twitter:card\" content=\"summary_large_image\" \/>\n<meta name=\"twitter:label1\" content=\"Dur\u00e9e de lecture estim\u00e9e\" \/>\n\t<meta name=\"twitter:data1\" content=\"2 minutes\" \/>\n<script type=\"application\/ld+json\" class=\"yoast-schema-graph\">{\"@context\":\"https:\/\/schema.org\",\"@graph\":[{\"@type\":\"WebPage\",\"@id\":\"https:\/\/www.kinergie.eu\/?page_id=74082\",\"url\":\"https:\/\/www.kinergie.eu\/?page_id=74082\",\"name\":\"Ma\u00eft\u00e9 Springuel - kinergie\",\"isPartOf\":{\"@id\":\"https:\/\/www.kinergie.eu\/#website\"},\"datePublished\":\"2021-03-15T15:17:40+00:00\",\"dateModified\":\"2022-02-14T15:42:36+00:00\",\"breadcrumb\":{\"@id\":\"https:\/\/www.kinergie.eu\/?page_id=74082#breadcrumb\"},\"inLanguage\":\"fr-FR\",\"potentialAction\":[{\"@type\":\"ReadAction\",\"target\":[\"https:\/\/www.kinergie.eu\/?page_id=74082\"]}]},{\"@type\":\"BreadcrumbList\",\"@id\":\"https:\/\/www.kinergie.eu\/?page_id=74082#breadcrumb\",\"itemListElement\":[{\"@type\":\"ListItem\",\"position\":1,\"name\":\"Accueil\",\"item\":\"https:\/\/www.kinergie.eu\/\"},{\"@type\":\"ListItem\",\"position\":2,\"name\":\"Ma\u00eft\u00e9 Springuel\"}]},{\"@type\":\"WebSite\",\"@id\":\"https:\/\/www.kinergie.eu\/#website\",\"url\":\"https:\/\/www.kinergie.eu\/\",\"name\":\"Kinergie\",\"description\":\"Centre Kin\u00e9 \u00e0 Uccle\",\"publisher\":{\"@id\":\"https:\/\/www.kinergie.eu\/#organization\"},\"potentialAction\":[{\"@type\":\"SearchAction\",\"target\":{\"@type\":\"EntryPoint\",\"urlTemplate\":\"https:\/\/www.kinergie.eu\/?s={search_term_string}\"},\"query-input\":\"required name=search_term_string\"}],\"inLanguage\":\"fr-FR\"},{\"@type\":\"Organization\",\"@id\":\"https:\/\/www.kinergie.eu\/#organization\",\"name\":\"Kinergie\",\"url\":\"https:\/\/www.kinergie.eu\/\",\"logo\":{\"@type\":\"ImageObject\",\"inLanguage\":\"fr-FR\",\"@id\":\"https:\/\/www.kinergie.eu\/#\/schema\/logo\/image\/\",\"url\":\"https:\/\/www.kinergie.eu\/wp-content\/uploads\/2019\/01\/Logo12.png\",\"contentUrl\":\"https:\/\/www.kinergie.eu\/wp-content\/uploads\/2019\/01\/Logo12.png\",\"width\":700,\"height\":782,\"caption\":\"Kinergie\"},\"image\":{\"@id\":\"https:\/\/www.kinergie.eu\/#\/schema\/logo\/image\/\"}}]}<\/script>\n<!-- \/ Yoast SEO plugin. -->","yoast_head_json":{"title":"Ma\u00eft\u00e9 Springuel - kinergie","robots":{"index":"index","follow":"follow","max-snippet":"max-snippet:-1","max-image-preview":"max-image-preview:large","max-video-preview":"max-video-preview:-1"},"canonical":"https:\/\/www.kinergie.eu\/?page_id=74082","og_locale":"fr_FR","og_type":"article","og_title":"Ma\u00eft\u00e9 Springuel - kinergie","og_description":"[vc_row row_height_percent=\u00a0\u00bb80&Prime; overlay_alpha=\u00a0\u00bb50&Prime; gutter_size=\u00a0\u00bb3&Prime; column_width_percent=\u00a0\u00bb100&Prime; shift_y=\u00a0\u00bb0&Prime; z_index=\u00a0\u00bb0&Prime;][vc_column width=\u00a0\u00bb1\/2&Prime;][vc_custom_heading separator=\u00a0\u00bbyes\u00a0\u00bb]Ma\u00eft\u00e9 Springuel[\/vc_custom_heading][vc_column_text]Dipl\u00f4m\u00e9e d\u2019un master en kin\u00e9sith\u00e9rapie depuis 2019 au Parnasse \u00e0 Bruxelles, [&hellip;]","og_url":"https:\/\/www.kinergie.eu\/?page_id=74082","og_site_name":"kinergie","article_modified_time":"2022-02-14T15:42:36+00:00","twitter_card":"summary_large_image","twitter_misc":{"Dur\u00e9e de lecture estim\u00e9e":"2 minutes"},"schema":{"@context":"https:\/\/schema.org","@graph":[{"@type":"WebPage","@id":"https:\/\/www.kinergie.eu\/?page_id=74082","url":"https:\/\/www.kinergie.eu\/?page_id=74082","name":"Ma\u00eft\u00e9 Springuel - kinergie","isPartOf":{"@id":"https:\/\/www.kinergie.eu\/#website"},"datePublished":"2021-03-15T15:17:40+00:00","dateModified":"2022-02-14T15:42:36+00:00","breadcrumb":{"@id":"https:\/\/www.kinergie.eu\/?page_id=74082#breadcrumb"},"inLanguage":"fr-FR","potentialAction":[{"@type":"ReadAction","target":["https:\/\/www.kinergie.eu\/?page_id=74082"]}]},{"@type":"BreadcrumbList","@id":"https:\/\/www.kinergie.eu\/?page_id=74082#breadcrumb","itemListElement":[{"@type":"ListItem","position":1,"name":"Accueil","item":"https:\/\/www.kinergie.eu\/"},{"@type":"ListItem","position":2,"name":"Ma\u00eft\u00e9 Springuel"}]},{"@type":"WebSite","@id":"https:\/\/www.kinergie.eu\/#website","url":"https:\/\/www.kinergie.eu\/","name":"Kinergie","description":"Centre Kin\u00e9 \u00e0 Uccle","publisher":{"@id":"https:\/\/www.kinergie.eu\/#organization"},"potentialAction":[{"@type":"SearchAction","target":{"@type":"EntryPoint","urlTemplate":"https:\/\/www.kinergie.eu\/?s={search_term_string}"},"query-input":"required name=search_term_string"}],"inLanguage":"fr-FR"},{"@type":"Organization","@id":"https:\/\/www.kinergie.eu\/#organization","name":"Kinergie","url":"https:\/\/www.kinergie.eu\/","logo":{"@type":"ImageObject","inLanguage":"fr-FR","@id":"https:\/\/www.kinergie.eu\/#\/schema\/logo\/image\/","url":"https:\/\/www.kinergie.eu\/wp-content\/uploads\/2019\/01\/Logo12.png","contentUrl":"https:\/\/www.kinergie.eu\/wp-content\/uploads\/2019\/01\/Logo12.png","width":700,"height":782,"caption":"Kinergie"},"image":{"@id":"https:\/\/www.kinergie.eu\/#\/schema\/logo\/image\/"}}]}},"_links":{"self":[{"href":"https:\/\/www.kinergie.eu\/index.php?rest_route=\/wp\/v2\/pages\/74082"}],"collection":[{"href":"https:\/\/www.kinergie.eu\/index.php?rest_route=\/wp\/v2\/pages"}],"about":[{"href":"https:\/\/www.kinergie.eu\/index.php?rest_route=\/wp\/v2\/types\/page"}],"author":[{"embeddable":true,"href":"https:\/\/www.kinergie.eu\/index.php?rest_route=\/wp\/v2\/users\/1"}],"replies":[{"embeddable":true,"href":"https:\/\/www.kinergie.eu\/index.php?rest_route=%2Fwp%2Fv2%2Fcomments&post=74082"}],"version-history":[{"count":15,"href":"https:\/\/www.kinergie.eu\/index.php?rest_route=\/wp\/v2\/pages\/74082\/revisions"}],"predecessor-version":[{"id":74230,"href":"https:\/\/www.kinergie.eu\/index.php?rest_route=\/wp\/v2\/pages\/74082\/revisions\/74230"}],"wp:attachment":[{"href":"https:\/\/www.kinergie.eu\/index.php?rest_route=%2Fwp%2Fv2%2Fmedia&parent=74082"}],"curies":[{"name":"wp","href":"https:\/\/api.w.org\/{rel}","templated":true}]}}