{"id":73939,"date":"2020-07-07T14:49:30","date_gmt":"2020-07-07T12:49:30","guid":{"rendered":"https:\/\/www.kinergie.eu\/?page_id=73939"},"modified":"2020-07-21T18:21:40","modified_gmt":"2020-07-21T16:21:40","slug":"isabelle-battaille","status":"publish","type":"page","link":"https:\/\/www.kinergie.eu\/?page_id=73939","title":{"rendered":"Isabelle Battaille"},"content":{"rendered":"<p>[vc_row][vc_column width=\u00a0\u00bb1\/2&Prime;][vc_custom_heading text_size=\u00a0\u00bbh1&Prime; text_color=\u00a0\u00bbcolor-112796&Prime; separator=\u00a0\u00bbyes\u00a0\u00bb separator_color=\u00a0\u00bbyes\u00a0\u00bb sub_lead=\u00a0\u00bbyes\u00a0\u00bb]<strong>Isabelle Battaille<\/strong>[\/vc_custom_heading][vc_column_text]<em><span style=\"color: #333333;\">Licenci\u00e9e en <span style=\"color: #fc7e00;\">Kin\u00e9sith\u00e9rapie<\/span> et <span style=\"color: #fc7e00;\">R\u00e9adaptation<\/span> (2003)<br \/>\n<span style=\"color: #fc7e00;\">Cha\u00eenes Musculaires<\/span>, <span style=\"color: #fc7e00;\">RPG<\/span> (R\u00e9\u00e9ducation Posturale Globale), <span style=\"color: #fc7e00;\">SGA<\/span> (Stretching Global Actif),<br \/>\n<span style=\"color: #fc7e00;\">Scoliose<\/span> et <span style=\"color: #fc7e00;\">ATM<\/span> (Articulation Temporo Mandibulaire)<\/span><\/em>[\/vc_column_text][vc_custom_heading text_color=\u00a0\u00bbcolor-dfgh\u00a0\u00bb]Qui suis-je ?[\/vc_custom_heading][vc_column_text]Apr\u00e8s avoir obtenu mon dipl\u00f4me de licenci\u00e9e en <span style=\"color: #fc5900;\">kin\u00e9sith\u00e9rapie<\/span> en 2003, il m\u2019a sembl\u00e9 \u00e9vident que je devais continuer \u00e0 approfondir mes connaissances, en particulier pour soigner les pathologies les plus tenaces et les d\u00e9formations articulaires les plus d\u00e9courageantes.<br \/>\nUne grande partie de ma motivation vient de mon d\u00e9sir d\u2019aider \u00e0 lutter contre la douleur. La douleur chronique n\u2019est pas une fatalit\u00e9, elle peut \u00eatre trait\u00e9e et la m\u00e9thode des Cha\u00eenes <span style=\"color: #fc5900;\">Musculaires<\/span> <span style=\"color: #fc5900;\">RPG<\/span> nous en donne les moyens.<\/p>\n<h2 style=\"text-align: center;\"><span style=\"color: #fc5900;\">\u00ab\u00a0<em>La sant\u00e9, c\u2019est vivre le destin de son corps<\/em>\u00a0\u00bb <\/span><span style=\"color: #fc5900;\">Robertson Davies<\/span><\/h2>\n<p>Parmi les pathologies douloureuses que je traite le plus souvent, il y a les <span style=\"color: #fc5900;\">lombalgies<\/span> avec ou sans hernie discale, les sciatalgies, les cervicalgies et les migraines (maux de t\u00eates accompagn\u00e9s ou non de vertiges, troubles de la vue, acouph\u00e8nes). Les tendinites et douleurs du coude, du genou et du pied sont aussi des pathologies pour lesquelles la m\u00e9thode des Cha\u00eenes <span style=\"color: #fc5900;\">Musculaires RPG<\/span> apporte d\u2019excellents r\u00e9sultats.<br \/>\nJe suis aussi tr\u00e8s attach\u00e9e au travail articulaire chez les enfants et les adolescents, notamment pour les <span style=\"color: #fc5900;\">scolioses<\/span> et les <span style=\"color: #fc5900;\">d\u00e9formations des membres<\/span>. Je constate tous les jours l\u2019importance des s\u00e9ances de kin\u00e9sith\u00e9rapie pour aider les enfants et adolescents et ainsi influencer positivement leur vie d\u2019adulte. Je suis \u00e9galement une adepte de l\u2019activit\u00e9 physique et de la cuisine saine et vivante.[\/vc_column_text][\/vc_column][vc_column width=\u00a0\u00bb1\/2&Prime;][vc_empty_space empty_h=\u00a0\u00bb3&Prime;][vc_single_image media=\u00a0\u00bb73960&Prime; media_width_percent=\u00a0\u00bb75&Prime;][\/vc_column][\/vc_row][vc_row][vc_column width=\u00a0\u00bb1\/1&Prime;][vc_separator sep_color=\u00a0\u00bbcolor-dfgh\u00a0\u00bb][\/vc_column][\/vc_row][vc_row row_height_percent=\u00a0\u00bb0&Prime; override_padding=\u00a0\u00bbyes\u00a0\u00bb h_padding=\u00a0\u00bb4&Prime; top_padding=\u00a0\u00bb2&Prime; bottom_padding=\u00a0\u00bb2&Prime; overlay_alpha=\u00a0\u00bb50&Prime; gutter_size=\u00a0\u00bb3&Prime; column_width_percent=\u00a0\u00bb100&Prime; shift_y=\u00a0\u00bb0&Prime; z_index=\u00a0\u00bb0&Prime;][vc_column width=\u00a0\u00bb1\/2&Prime;][vc_gallery el_id=\u00a0\u00bbgallery-143751&Prime; type=\u00a0\u00bbcarousel\u00a0\u00bb random=\u00a0\u00bbyes\u00a0\u00bb medias=\u00a0\u00bb73964,73963,73962,73961&Prime; carousel_lg=\u00a0\u00bb1&Prime; carousel_md=\u00a0\u00bb1&Prime; carousel_sm=\u00a0\u00bb1&Prime; gutter_size=\u00a0\u00bb3&Prime; carousel_interval=\u00a0\u00bb3000&Prime; carousel_navspeed=\u00a0\u00bb400&Prime; carousel_loop=\u00a0\u00bbyes\u00a0\u00bb stage_padding=\u00a0\u00bb0&Prime; single_overlay_opacity=\u00a0\u00bb50&Prime; single_padding=\u00a0\u00bb2&Prime;][\/vc_column][vc_column width=\u00a0\u00bb1\/2&Prime;][vc_column_text]<\/p>\n<h3><strong><span style=\"color: #fc7e00;\">Comp\u00e9tences\u00a0<\/span>:<\/strong><\/h3>\n<p><u><strong><a href=\"http:\/\/www.kinergie.eu\/?page_id=73452\">RPG<\/a><\/strong><\/u><\/p>\n<p><u><strong><a href=\"https:\/\/www.kinergie.eu\/?page_id=73898\">Scoliose<\/a><\/strong><\/u><\/p>\n<p><u><strong><a href=\"https:\/\/www.kinergie.eu\/?page_id=73469\">SGA (Streching Global Actif)<\/a><\/strong><\/u><\/p>\n<p><u><strong><a href=\"https:\/\/www.kinergie.eu\/?page_id=73905\">ATM (Articulation Temporo Mandibulaire)<\/a><\/strong>[\/vc_column_text][vc_column_text]<\/u><\/p>\n<h3><span style=\"color: #fc7e00;\"><strong>Comment <span style=\"color: #fc7e00;\">me<\/span> joindre\u00a0?<\/strong><\/span><\/h3>\n<p><u><strong><a href=\"tel:0475335209\">+\u00a032(0)475335209<\/a><\/strong><\/u><\/p>\n<p><u><strong><a href=\"mailto:isabellebattaille@hotmail.com\">isabellebattaille@hotmail.com<\/a><\/strong><\/u><\/p>\n<h3><strong><span style=\"color: #fc7e00;\">Adresse\u00a0:<\/span> <\/strong><\/h3>\n<p><span style=\"color: #808080;\"><strong>Avenue de l\u2019Echevinage n\u00b06<br \/>\n1180 Uccle<\/strong><\/span><br \/>\n<span style=\"color: #808080;\">A deux pas du square des H\u00e9ros et du Parvis Saint Pierre.<\/span>[\/vc_column_text][\/vc_column][\/vc_row][vc_row][vc_column width=\u00a0\u00bb1\/1&Prime;][vc_separator sep_color=\u00a0\u00bbcolor-dfgh\u00a0\u00bb][\/vc_column][\/vc_row][vc_row][vc_column][vc_column_text][\/vc_column_text][\/vc_column][\/vc_row]<\/p>\n","protected":false},"excerpt":{"rendered":"<p>[vc_row][vc_column width=\u00a0\u00bb1\/2&Prime;][vc_custom_heading text_size=\u00a0\u00bbh1&Prime; text_color=\u00a0\u00bbcolor-112796&Prime; separator=\u00a0\u00bbyes\u00a0\u00bb separator_color=\u00a0\u00bbyes\u00a0\u00bb sub_lead=\u00a0\u00bbyes\u00a0\u00bb]Isabelle Battaille[\/vc_custom_heading][vc_column_text]Licenci\u00e9e en Kin\u00e9sith\u00e9rapie et R\u00e9adaptation (2003) Cha\u00eenes Musculaires, RPG (R\u00e9\u00e9ducation Posturale Globale), SGA [&hellip;]<\/p>\n","protected":false},"author":1,"featured_media":0,"parent":0,"menu_order":0,"comment_status":"closed","ping_status":"closed","template":"","meta":[],"yoast_head":"<!-- This site is optimized with the Yoast SEO plugin v21.1 - https:\/\/yoast.com\/wordpress\/plugins\/seo\/ -->\n<title>Isabelle Battaille - kinergie<\/title>\n<meta name=\"robots\" content=\"index, follow, max-snippet:-1, max-image-preview:large, max-video-preview:-1\" \/>\n<link rel=\"canonical\" href=\"https:\/\/www.kinergie.eu\/?page_id=73939\" \/>\n<meta property=\"og:locale\" content=\"fr_FR\" \/>\n<meta property=\"og:type\" content=\"article\" \/>\n<meta property=\"og:title\" content=\"Isabelle Battaille - kinergie\" \/>\n<meta property=\"og:description\" content=\"[vc_row][vc_column width=\u00a0\u00bb1\/2&Prime;][vc_custom_heading text_size=\u00a0\u00bbh1&Prime; text_color=\u00a0\u00bbcolor-112796&Prime; separator=\u00a0\u00bbyes\u00a0\u00bb separator_color=\u00a0\u00bbyes\u00a0\u00bb sub_lead=\u00a0\u00bbyes\u00a0\u00bb]Isabelle Battaille[\/vc_custom_heading][vc_column_text]Licenci\u00e9e en Kin\u00e9sith\u00e9rapie et R\u00e9adaptation (2003) Cha\u00eenes Musculaires, RPG (R\u00e9\u00e9ducation Posturale Globale), SGA [&hellip;]\" \/>\n<meta property=\"og:url\" content=\"https:\/\/www.kinergie.eu\/?page_id=73939\" \/>\n<meta property=\"og:site_name\" content=\"kinergie\" \/>\n<meta property=\"article:modified_time\" content=\"2020-07-21T16:21:40+00:00\" \/>\n<meta name=\"twitter:card\" content=\"summary_large_image\" \/>\n<meta name=\"twitter:label1\" content=\"Dur\u00e9e de lecture estim\u00e9e\" \/>\n\t<meta name=\"twitter:data1\" content=\"3 minutes\" \/>\n<script type=\"application\/ld+json\" class=\"yoast-schema-graph\">{\"@context\":\"https:\/\/schema.org\",\"@graph\":[{\"@type\":\"WebPage\",\"@id\":\"https:\/\/www.kinergie.eu\/?page_id=73939\",\"url\":\"https:\/\/www.kinergie.eu\/?page_id=73939\",\"name\":\"Isabelle Battaille - kinergie\",\"isPartOf\":{\"@id\":\"https:\/\/www.kinergie.eu\/#website\"},\"datePublished\":\"2020-07-07T12:49:30+00:00\",\"dateModified\":\"2020-07-21T16:21:40+00:00\",\"breadcrumb\":{\"@id\":\"https:\/\/www.kinergie.eu\/?page_id=73939#breadcrumb\"},\"inLanguage\":\"fr-FR\",\"potentialAction\":[{\"@type\":\"ReadAction\",\"target\":[\"https:\/\/www.kinergie.eu\/?page_id=73939\"]}]},{\"@type\":\"BreadcrumbList\",\"@id\":\"https:\/\/www.kinergie.eu\/?page_id=73939#breadcrumb\",\"itemListElement\":[{\"@type\":\"ListItem\",\"position\":1,\"name\":\"Accueil\",\"item\":\"https:\/\/www.kinergie.eu\/\"},{\"@type\":\"ListItem\",\"position\":2,\"name\":\"Isabelle Battaille\"}]},{\"@type\":\"WebSite\",\"@id\":\"https:\/\/www.kinergie.eu\/#website\",\"url\":\"https:\/\/www.kinergie.eu\/\",\"name\":\"Kinergie\",\"description\":\"Centre Kin\u00e9 \u00e0 Uccle\",\"publisher\":{\"@id\":\"https:\/\/www.kinergie.eu\/#organization\"},\"potentialAction\":[{\"@type\":\"SearchAction\",\"target\":{\"@type\":\"EntryPoint\",\"urlTemplate\":\"https:\/\/www.kinergie.eu\/?s={search_term_string}\"},\"query-input\":\"required name=search_term_string\"}],\"inLanguage\":\"fr-FR\"},{\"@type\":\"Organization\",\"@id\":\"https:\/\/www.kinergie.eu\/#organization\",\"name\":\"Kinergie\",\"url\":\"https:\/\/www.kinergie.eu\/\",\"logo\":{\"@type\":\"ImageObject\",\"inLanguage\":\"fr-FR\",\"@id\":\"https:\/\/www.kinergie.eu\/#\/schema\/logo\/image\/\",\"url\":\"https:\/\/www.kinergie.eu\/wp-content\/uploads\/2019\/01\/Logo12.png\",\"contentUrl\":\"https:\/\/www.kinergie.eu\/wp-content\/uploads\/2019\/01\/Logo12.png\",\"width\":700,\"height\":782,\"caption\":\"Kinergie\"},\"image\":{\"@id\":\"https:\/\/www.kinergie.eu\/#\/schema\/logo\/image\/\"}}]}<\/script>\n<!-- \/ Yoast SEO plugin. -->","yoast_head_json":{"title":"Isabelle Battaille - kinergie","robots":{"index":"index","follow":"follow","max-snippet":"max-snippet:-1","max-image-preview":"max-image-preview:large","max-video-preview":"max-video-preview:-1"},"canonical":"https:\/\/www.kinergie.eu\/?page_id=73939","og_locale":"fr_FR","og_type":"article","og_title":"Isabelle Battaille - kinergie","og_description":"[vc_row][vc_column width=\u00a0\u00bb1\/2&Prime;][vc_custom_heading text_size=\u00a0\u00bbh1&Prime; text_color=\u00a0\u00bbcolor-112796&Prime; separator=\u00a0\u00bbyes\u00a0\u00bb separator_color=\u00a0\u00bbyes\u00a0\u00bb sub_lead=\u00a0\u00bbyes\u00a0\u00bb]Isabelle Battaille[\/vc_custom_heading][vc_column_text]Licenci\u00e9e en Kin\u00e9sith\u00e9rapie et R\u00e9adaptation (2003) Cha\u00eenes Musculaires, RPG (R\u00e9\u00e9ducation Posturale Globale), SGA [&hellip;]","og_url":"https:\/\/www.kinergie.eu\/?page_id=73939","og_site_name":"kinergie","article_modified_time":"2020-07-21T16:21:40+00:00","twitter_card":"summary_large_image","twitter_misc":{"Dur\u00e9e de lecture estim\u00e9e":"3 minutes"},"schema":{"@context":"https:\/\/schema.org","@graph":[{"@type":"WebPage","@id":"https:\/\/www.kinergie.eu\/?page_id=73939","url":"https:\/\/www.kinergie.eu\/?page_id=73939","name":"Isabelle Battaille - kinergie","isPartOf":{"@id":"https:\/\/www.kinergie.eu\/#website"},"datePublished":"2020-07-07T12:49:30+00:00","dateModified":"2020-07-21T16:21:40+00:00","breadcrumb":{"@id":"https:\/\/www.kinergie.eu\/?page_id=73939#breadcrumb"},"inLanguage":"fr-FR","potentialAction":[{"@type":"ReadAction","target":["https:\/\/www.kinergie.eu\/?page_id=73939"]}]},{"@type":"BreadcrumbList","@id":"https:\/\/www.kinergie.eu\/?page_id=73939#breadcrumb","itemListElement":[{"@type":"ListItem","position":1,"name":"Accueil","item":"https:\/\/www.kinergie.eu\/"},{"@type":"ListItem","position":2,"name":"Isabelle Battaille"}]},{"@type":"WebSite","@id":"https:\/\/www.kinergie.eu\/#website","url":"https:\/\/www.kinergie.eu\/","name":"Kinergie","description":"Centre Kin\u00e9 \u00e0 Uccle","publisher":{"@id":"https:\/\/www.kinergie.eu\/#organization"},"potentialAction":[{"@type":"SearchAction","target":{"@type":"EntryPoint","urlTemplate":"https:\/\/www.kinergie.eu\/?s={search_term_string}"},"query-input":"required name=search_term_string"}],"inLanguage":"fr-FR"},{"@type":"Organization","@id":"https:\/\/www.kinergie.eu\/#organization","name":"Kinergie","url":"https:\/\/www.kinergie.eu\/","logo":{"@type":"ImageObject","inLanguage":"fr-FR","@id":"https:\/\/www.kinergie.eu\/#\/schema\/logo\/image\/","url":"https:\/\/www.kinergie.eu\/wp-content\/uploads\/2019\/01\/Logo12.png","contentUrl":"https:\/\/www.kinergie.eu\/wp-content\/uploads\/2019\/01\/Logo12.png","width":700,"height":782,"caption":"Kinergie"},"image":{"@id":"https:\/\/www.kinergie.eu\/#\/schema\/logo\/image\/"}}]}},"_links":{"self":[{"href":"https:\/\/www.kinergie.eu\/index.php?rest_route=\/wp\/v2\/pages\/73939"}],"collection":[{"href":"https:\/\/www.kinergie.eu\/index.php?rest_route=\/wp\/v2\/pages"}],"about":[{"href":"https:\/\/www.kinergie.eu\/index.php?rest_route=\/wp\/v2\/types\/page"}],"author":[{"embeddable":true,"href":"https:\/\/www.kinergie.eu\/index.php?rest_route=\/wp\/v2\/users\/1"}],"replies":[{"embeddable":true,"href":"https:\/\/www.kinergie.eu\/index.php?rest_route=%2Fwp%2Fv2%2Fcomments&post=73939"}],"version-history":[{"count":24,"href":"https:\/\/www.kinergie.eu\/index.php?rest_route=\/wp\/v2\/pages\/73939\/revisions"}],"predecessor-version":[{"id":74033,"href":"https:\/\/www.kinergie.eu\/index.php?rest_route=\/wp\/v2\/pages\/73939\/revisions\/74033"}],"wp:attachment":[{"href":"https:\/\/www.kinergie.eu\/index.php?rest_route=%2Fwp%2Fv2%2Fmedia&parent=73939"}],"curies":[{"name":"wp","href":"https:\/\/api.w.org\/{rel}","templated":true}]}}