{"id":73905,"date":"2020-07-06T17:22:47","date_gmt":"2020-07-06T15:22:47","guid":{"rendered":"https:\/\/www.kinergie.eu\/?page_id=73905"},"modified":"2022-02-14T14:56:32","modified_gmt":"2022-02-14T13:56:32","slug":"atm","status":"publish","type":"page","link":"https:\/\/www.kinergie.eu\/?page_id=73905","title":{"rendered":"ATM"},"content":{"rendered":"<p>[vc_row][vc_column width=\u00a0\u00bb1\/2&Prime;][vc_custom_heading]L\u2019ATM (Articulation Temporo Mandibulaire)[\/vc_custom_heading][vc_column_text]<span style=\"color: #fc7e00;\">L\u2019ATM<\/span> est l\u2019articulation de la <span style=\"color: #fc7e00;\">m\u00e2choire<\/span>. Chaque personne en a deux, situ\u00e9es de chaque c\u00f4t\u00e9<br \/>\ndu visage, \u00e0 l\u2019endroit o\u00f9 l\u2019os temporal du cr\u00e2ne est reli\u00e9 \u00e0 la m\u00e2choire inf\u00e9rieure (mandibule).<br \/>\n<span style=\"color: #fc7e00;\">L\u2019ATM<\/span> poss\u00e8de un m\u00e9nisque qui emp\u00eache les os de se toucher. Durant la mastication, elle<br \/>\nsubit d\u2019importantes pressions.<br \/>\nUn conflit dans cette articulation peut provoquer des douleurs particuli\u00e8rement invalidantes<br \/>\ntelles des luxations de m\u00e2choires, des <span style=\"color: #fc7e00;\">craquements<\/span> parfois douloureux, des <span style=\"color: #fc7e00;\">c\u00e9phal\u00e9es<\/span>, des<br \/>\n<span style=\"color: #fc7e00;\">cervicalgies<\/span>, des <span style=\"color: #fc7e00;\">vertiges<\/span> et des <span style=\"color: #fc7e00;\">troubles oculaires<\/span>.<br \/>\nC\u2019est une articulation susceptible d\u2019\u00eatre travaill\u00e9e lors d\u2019une consultation pour la sph\u00e8re<br \/>\nsup\u00e9rieure du corps telle que la scoliose thoracique haute et la scoliose cervicale, les<br \/>\ncervicalgies et les troubles et douleurs \u00e0 la t\u00eate.<br \/>\nLe travail de cette articulation en <span style=\"color: #fc7e00;\">RPG<\/span> se d\u00e9roule comme suit\u00a0: observation de la sym\u00e9trie de<br \/>\nla m\u00e2choire et du menton, ensuite observation de la dynamique de la m\u00e2choire dans ses<br \/>\nmouvements d\u2019ouverture et de fermeture et dans ses mouvements lat\u00e9raux (droite-gauche).<br \/>\nL\u2019articulation la moins mobile sera celle qui sera travaill\u00e9e en priorit\u00e9. Elle sera travaill\u00e9e<br \/>\navec douceur et en globalit\u00e9 c\u2019est-\u00e0-dire en <span style=\"color: #fc7e00;\">rel\u00e2chant les muscles<\/span> impliqu\u00e9s responsables ou<br \/>\nceux favorisants le conflit articulaire.<br \/>\nLa <span style=\"color: #fc7e00;\">kin\u00e9sith\u00e9rapeute<\/span> porte des gants et exerce des appuis sur la <span style=\"color: #fc7e00;\">m\u00e2choire<\/span> inf\u00e9rieure avec une<br \/>\nmain pendant que de l\u2019autre main travaille \u00e0 l\u2019ext\u00e9rieur de la bouche pour des man\u0153uvres sur<br \/>\nla <span style=\"color: #fc7e00;\">nuque<\/span>, le <span style=\"color: #fc7e00;\">cou<\/span>, la <span style=\"color: #fc7e00;\">t\u00eate<\/span>\u2026<br \/>\nCes manipulations sont indolores et peu g\u00eanantes pour le patient. Le <span style=\"color: #fc7e00;\">soulagement<\/span> est ressenti<br \/>\ng\u00e9n\u00e9ralement d\u00e8s la premi\u00e8re s\u00e9ance.[\/vc_column_text][\/vc_column][vc_column width=\u00a0\u00bb1\/2&Prime;][vc_empty_space empty_h=\u00a0\u00bb3&Prime;][vc_single_image media=\u00a0\u00bb73352&Prime; media_width_percent=\u00a0\u00bb85&Prime;][\/vc_column][\/vc_row]<\/p>\n","protected":false},"excerpt":{"rendered":"<p>[vc_row][vc_column width=\u00a0\u00bb1\/2&Prime;][vc_custom_heading]L\u2019ATM (Articulation Temporo Mandibulaire)[\/vc_custom_heading][vc_column_text]L\u2019ATM est l\u2019articulation de la m\u00e2choire. Chaque personne en a deux, situ\u00e9es de chaque c\u00f4t\u00e9 du [&hellip;]<\/p>\n","protected":false},"author":1,"featured_media":0,"parent":0,"menu_order":0,"comment_status":"closed","ping_status":"closed","template":"","meta":[],"yoast_head":"<!-- This site is optimized with the Yoast SEO plugin v21.1 - https:\/\/yoast.com\/wordpress\/plugins\/seo\/ -->\n<title>ATM - kinergie<\/title>\n<meta name=\"robots\" content=\"index, follow, max-snippet:-1, max-image-preview:large, max-video-preview:-1\" \/>\n<link rel=\"canonical\" href=\"https:\/\/www.kinergie.eu\/?page_id=73905\" \/>\n<meta property=\"og:locale\" content=\"fr_FR\" \/>\n<meta property=\"og:type\" content=\"article\" \/>\n<meta property=\"og:title\" content=\"ATM - kinergie\" \/>\n<meta property=\"og:description\" content=\"[vc_row][vc_column width=\u00a0\u00bb1\/2&Prime;][vc_custom_heading]L\u2019ATM (Articulation Temporo Mandibulaire)[\/vc_custom_heading][vc_column_text]L\u2019ATM est l\u2019articulation de la m\u00e2choire. Chaque personne en a deux, situ\u00e9es de chaque c\u00f4t\u00e9 du [&hellip;]\" \/>\n<meta property=\"og:url\" content=\"https:\/\/www.kinergie.eu\/?page_id=73905\" \/>\n<meta property=\"og:site_name\" content=\"kinergie\" \/>\n<meta property=\"article:modified_time\" content=\"2022-02-14T13:56:32+00:00\" \/>\n<meta name=\"twitter:card\" content=\"summary_large_image\" \/>\n<meta name=\"twitter:label1\" content=\"Dur\u00e9e de lecture estim\u00e9e\" \/>\n\t<meta name=\"twitter:data1\" content=\"2 minutes\" \/>\n<script type=\"application\/ld+json\" class=\"yoast-schema-graph\">{\"@context\":\"https:\/\/schema.org\",\"@graph\":[{\"@type\":\"WebPage\",\"@id\":\"https:\/\/www.kinergie.eu\/?page_id=73905\",\"url\":\"https:\/\/www.kinergie.eu\/?page_id=73905\",\"name\":\"ATM - kinergie\",\"isPartOf\":{\"@id\":\"https:\/\/www.kinergie.eu\/#website\"},\"datePublished\":\"2020-07-06T15:22:47+00:00\",\"dateModified\":\"2022-02-14T13:56:32+00:00\",\"breadcrumb\":{\"@id\":\"https:\/\/www.kinergie.eu\/?page_id=73905#breadcrumb\"},\"inLanguage\":\"fr-FR\",\"potentialAction\":[{\"@type\":\"ReadAction\",\"target\":[\"https:\/\/www.kinergie.eu\/?page_id=73905\"]}]},{\"@type\":\"BreadcrumbList\",\"@id\":\"https:\/\/www.kinergie.eu\/?page_id=73905#breadcrumb\",\"itemListElement\":[{\"@type\":\"ListItem\",\"position\":1,\"name\":\"Accueil\",\"item\":\"https:\/\/www.kinergie.eu\/\"},{\"@type\":\"ListItem\",\"position\":2,\"name\":\"ATM\"}]},{\"@type\":\"WebSite\",\"@id\":\"https:\/\/www.kinergie.eu\/#website\",\"url\":\"https:\/\/www.kinergie.eu\/\",\"name\":\"Kinergie\",\"description\":\"Centre Kin\u00e9 \u00e0 Uccle\",\"publisher\":{\"@id\":\"https:\/\/www.kinergie.eu\/#organization\"},\"potentialAction\":[{\"@type\":\"SearchAction\",\"target\":{\"@type\":\"EntryPoint\",\"urlTemplate\":\"https:\/\/www.kinergie.eu\/?s={search_term_string}\"},\"query-input\":\"required name=search_term_string\"}],\"inLanguage\":\"fr-FR\"},{\"@type\":\"Organization\",\"@id\":\"https:\/\/www.kinergie.eu\/#organization\",\"name\":\"Kinergie\",\"url\":\"https:\/\/www.kinergie.eu\/\",\"logo\":{\"@type\":\"ImageObject\",\"inLanguage\":\"fr-FR\",\"@id\":\"https:\/\/www.kinergie.eu\/#\/schema\/logo\/image\/\",\"url\":\"https:\/\/www.kinergie.eu\/wp-content\/uploads\/2019\/01\/Logo12.png\",\"contentUrl\":\"https:\/\/www.kinergie.eu\/wp-content\/uploads\/2019\/01\/Logo12.png\",\"width\":700,\"height\":782,\"caption\":\"Kinergie\"},\"image\":{\"@id\":\"https:\/\/www.kinergie.eu\/#\/schema\/logo\/image\/\"}}]}<\/script>\n<!-- \/ Yoast SEO plugin. -->","yoast_head_json":{"title":"ATM - kinergie","robots":{"index":"index","follow":"follow","max-snippet":"max-snippet:-1","max-image-preview":"max-image-preview:large","max-video-preview":"max-video-preview:-1"},"canonical":"https:\/\/www.kinergie.eu\/?page_id=73905","og_locale":"fr_FR","og_type":"article","og_title":"ATM - kinergie","og_description":"[vc_row][vc_column width=\u00a0\u00bb1\/2&Prime;][vc_custom_heading]L\u2019ATM (Articulation Temporo Mandibulaire)[\/vc_custom_heading][vc_column_text]L\u2019ATM est l\u2019articulation de la m\u00e2choire. Chaque personne en a deux, situ\u00e9es de chaque c\u00f4t\u00e9 du [&hellip;]","og_url":"https:\/\/www.kinergie.eu\/?page_id=73905","og_site_name":"kinergie","article_modified_time":"2022-02-14T13:56:32+00:00","twitter_card":"summary_large_image","twitter_misc":{"Dur\u00e9e de lecture estim\u00e9e":"2 minutes"},"schema":{"@context":"https:\/\/schema.org","@graph":[{"@type":"WebPage","@id":"https:\/\/www.kinergie.eu\/?page_id=73905","url":"https:\/\/www.kinergie.eu\/?page_id=73905","name":"ATM - kinergie","isPartOf":{"@id":"https:\/\/www.kinergie.eu\/#website"},"datePublished":"2020-07-06T15:22:47+00:00","dateModified":"2022-02-14T13:56:32+00:00","breadcrumb":{"@id":"https:\/\/www.kinergie.eu\/?page_id=73905#breadcrumb"},"inLanguage":"fr-FR","potentialAction":[{"@type":"ReadAction","target":["https:\/\/www.kinergie.eu\/?page_id=73905"]}]},{"@type":"BreadcrumbList","@id":"https:\/\/www.kinergie.eu\/?page_id=73905#breadcrumb","itemListElement":[{"@type":"ListItem","position":1,"name":"Accueil","item":"https:\/\/www.kinergie.eu\/"},{"@type":"ListItem","position":2,"name":"ATM"}]},{"@type":"WebSite","@id":"https:\/\/www.kinergie.eu\/#website","url":"https:\/\/www.kinergie.eu\/","name":"Kinergie","description":"Centre Kin\u00e9 \u00e0 Uccle","publisher":{"@id":"https:\/\/www.kinergie.eu\/#organization"},"potentialAction":[{"@type":"SearchAction","target":{"@type":"EntryPoint","urlTemplate":"https:\/\/www.kinergie.eu\/?s={search_term_string}"},"query-input":"required name=search_term_string"}],"inLanguage":"fr-FR"},{"@type":"Organization","@id":"https:\/\/www.kinergie.eu\/#organization","name":"Kinergie","url":"https:\/\/www.kinergie.eu\/","logo":{"@type":"ImageObject","inLanguage":"fr-FR","@id":"https:\/\/www.kinergie.eu\/#\/schema\/logo\/image\/","url":"https:\/\/www.kinergie.eu\/wp-content\/uploads\/2019\/01\/Logo12.png","contentUrl":"https:\/\/www.kinergie.eu\/wp-content\/uploads\/2019\/01\/Logo12.png","width":700,"height":782,"caption":"Kinergie"},"image":{"@id":"https:\/\/www.kinergie.eu\/#\/schema\/logo\/image\/"}}]}},"_links":{"self":[{"href":"https:\/\/www.kinergie.eu\/index.php?rest_route=\/wp\/v2\/pages\/73905"}],"collection":[{"href":"https:\/\/www.kinergie.eu\/index.php?rest_route=\/wp\/v2\/pages"}],"about":[{"href":"https:\/\/www.kinergie.eu\/index.php?rest_route=\/wp\/v2\/types\/page"}],"author":[{"embeddable":true,"href":"https:\/\/www.kinergie.eu\/index.php?rest_route=\/wp\/v2\/users\/1"}],"replies":[{"embeddable":true,"href":"https:\/\/www.kinergie.eu\/index.php?rest_route=%2Fwp%2Fv2%2Fcomments&post=73905"}],"version-history":[{"count":1,"href":"https:\/\/www.kinergie.eu\/index.php?rest_route=\/wp\/v2\/pages\/73905\/revisions"}],"predecessor-version":[{"id":73910,"href":"https:\/\/www.kinergie.eu\/index.php?rest_route=\/wp\/v2\/pages\/73905\/revisions\/73910"}],"wp:attachment":[{"href":"https:\/\/www.kinergie.eu\/index.php?rest_route=%2Fwp%2Fv2%2Fmedia&parent=73905"}],"curies":[{"name":"wp","href":"https:\/\/api.w.org\/{rel}","templated":true}]}}