{"id":73898,"date":"2020-07-06T16:39:12","date_gmt":"2020-07-06T14:39:12","guid":{"rendered":"https:\/\/www.kinergie.eu\/?page_id=73898"},"modified":"2022-02-14T18:09:14","modified_gmt":"2022-02-14T17:09:14","slug":"scoliose","status":"publish","type":"page","link":"https:\/\/www.kinergie.eu\/?page_id=73898","title":{"rendered":"Scoliose"},"content":{"rendered":"<p>[vc_row][vc_column width=\u00a0\u00bb1\/2&Prime;][vc_custom_heading]Scoliose[\/vc_custom_heading][vc_column_text]La <span style=\"color: #fc7e00;\">scoliose<\/span> est une d\u00e9formation du dos pour des raisons les plus souvent m\u00e9connues.<br \/>\nSur un dos sain, il y a un \u00e9quilibre des forces \u00e0 droite et \u00e0 gauche de la <span style=\"color: #333333;\">colonne vert\u00e9brale<\/span>. Dans le cas d\u2019une <span style=\"color: #fc7e00;\">scoliose<\/span>, la force musculaire augmente sur une partie de la colonne jusqu\u2019\u00e0 entrainer la colonne vert\u00e9brale avec elle et provoquant un <span style=\"color: #fc7e00;\">d\u00e9s\u00e9quilibre articulaire<\/span>.<br \/>\nC\u2019est une pathologie principalement de <span style=\"color: #fc7e00;\">l\u2019enfance<\/span> et de <span style=\"color: #fc7e00;\">l\u2019adolescence<\/span> bien qu\u2019elle puisse aussi appara\u00eetre soudainement \u00e0 la m\u00e9nopause ou apr\u00e8s un \u00e9v\u00e8nement traumatique (choc, accident).<br \/>\nLa <span style=\"color: #fc7e00;\">scoliose<\/span> de l\u2019enfance a comme particularit\u00e9 d\u2019\u00eatre \u00e9volutive jusqu\u2019\u00e0 la fin de la croissance de l\u2019adolescent. D\u00e8s son diagnostic, elle doit \u00eatre suivie par un docteur orthop\u00e9diste sp\u00e9cialis\u00e9. Celui-ci prescrira des radios r\u00e9guli\u00e8res, le port d\u2019un corset dans certain cas et un suivi <span style=\"color: #fc7e00;\">kin\u00e9sith\u00e9rapeutique<\/span> par un th\u00e9rapeute sp\u00e9cialis\u00e9. Le traitement se terminera la plupart du temps \u00e0 la fin de la croissance.<br \/>\nL\u2019objectif de la kin\u00e9sith\u00e9rapie par la <span style=\"color: #fc7e00;\">M\u00e9thode des Cha\u00eenes Musculaires RPG<\/span> est d\u2019emp\u00eacher l\u2019augmentation de l\u2019angle de courbure de la <span style=\"color: #fc7e00;\">scoliose<\/span> pendant la croissance de l\u2019enfant.<br \/>\nLa s\u00e9ance comprendra des <span style=\"color: #fc7e00;\">postures<\/span>, <span style=\"color: #fc7e00;\">l\u2019\u00e9tirement<\/span> des muscles r\u00e9tract\u00e9s responsables du d\u00e9s\u00e9quilibre et le <span style=\"color: #fc7e00;\">renforcement<\/span> des muscles les plus faibles dont le dos a besoin pour se redresser, de la <span style=\"color: #fc7e00;\">proprioception<\/span> et de <span style=\"color: #fc7e00;\">l\u2019assouplissement articulaire<\/span>.<br \/>\nChaque scoliose ayant ses particularit\u00e9s, le traitement est <span style=\"color: #fc7e00;\">adapt\u00e9 \u00e0 chaque patient<\/span>.<br \/>\nUne s\u00e9ance de Cha\u00eenes Musculaires <span style=\"color: #fc7e00;\">RPG<\/span> par semaine est souvent suffisante sauf durant la p\u00e9riode de pic de croissance ou deux s\u00e9ances par semaine s\u2019av\u00e8rent parfois n\u00e9cessaires.[\/vc_column_text][\/vc_column][vc_column width=\u00a0\u00bb1\/2&Prime;][vc_empty_space empty_h=\u00a0\u00bb3&Prime;][vc_single_image media=\u00a0\u00bb74248&Prime; media_width_percent=\u00a0\u00bb85&Prime;][\/vc_column][\/vc_row]<\/p>\n","protected":false},"excerpt":{"rendered":"<p>[vc_row][vc_column width=\u00a0\u00bb1\/2&Prime;][vc_custom_heading]Scoliose[\/vc_custom_heading][vc_column_text]La scoliose est une d\u00e9formation du dos pour des raisons les plus souvent m\u00e9connues. Sur un dos sain, il [&hellip;]<\/p>\n","protected":false},"author":1,"featured_media":0,"parent":0,"menu_order":0,"comment_status":"closed","ping_status":"closed","template":"","meta":[],"yoast_head":"<!-- This site is optimized with the Yoast SEO plugin v21.1 - https:\/\/yoast.com\/wordpress\/plugins\/seo\/ -->\n<title>Scoliose - kinergie<\/title>\n<meta name=\"robots\" content=\"index, follow, max-snippet:-1, max-image-preview:large, max-video-preview:-1\" \/>\n<link rel=\"canonical\" href=\"https:\/\/www.kinergie.eu\/?page_id=73898\" \/>\n<meta property=\"og:locale\" content=\"fr_FR\" \/>\n<meta property=\"og:type\" content=\"article\" \/>\n<meta property=\"og:title\" content=\"Scoliose - kinergie\" \/>\n<meta property=\"og:description\" content=\"[vc_row][vc_column width=\u00a0\u00bb1\/2&Prime;][vc_custom_heading]Scoliose[\/vc_custom_heading][vc_column_text]La scoliose est une d\u00e9formation du dos pour des raisons les plus souvent m\u00e9connues. Sur un dos sain, il [&hellip;]\" \/>\n<meta property=\"og:url\" content=\"https:\/\/www.kinergie.eu\/?page_id=73898\" \/>\n<meta property=\"og:site_name\" content=\"kinergie\" \/>\n<meta property=\"article:modified_time\" content=\"2022-02-14T17:09:14+00:00\" \/>\n<meta name=\"twitter:card\" content=\"summary_large_image\" \/>\n<meta name=\"twitter:label1\" content=\"Dur\u00e9e de lecture estim\u00e9e\" \/>\n\t<meta name=\"twitter:data1\" content=\"2 minutes\" \/>\n<script type=\"application\/ld+json\" class=\"yoast-schema-graph\">{\"@context\":\"https:\/\/schema.org\",\"@graph\":[{\"@type\":\"WebPage\",\"@id\":\"https:\/\/www.kinergie.eu\/?page_id=73898\",\"url\":\"https:\/\/www.kinergie.eu\/?page_id=73898\",\"name\":\"Scoliose - kinergie\",\"isPartOf\":{\"@id\":\"https:\/\/www.kinergie.eu\/#website\"},\"datePublished\":\"2020-07-06T14:39:12+00:00\",\"dateModified\":\"2022-02-14T17:09:14+00:00\",\"breadcrumb\":{\"@id\":\"https:\/\/www.kinergie.eu\/?page_id=73898#breadcrumb\"},\"inLanguage\":\"fr-FR\",\"potentialAction\":[{\"@type\":\"ReadAction\",\"target\":[\"https:\/\/www.kinergie.eu\/?page_id=73898\"]}]},{\"@type\":\"BreadcrumbList\",\"@id\":\"https:\/\/www.kinergie.eu\/?page_id=73898#breadcrumb\",\"itemListElement\":[{\"@type\":\"ListItem\",\"position\":1,\"name\":\"Accueil\",\"item\":\"https:\/\/www.kinergie.eu\/\"},{\"@type\":\"ListItem\",\"position\":2,\"name\":\"Scoliose\"}]},{\"@type\":\"WebSite\",\"@id\":\"https:\/\/www.kinergie.eu\/#website\",\"url\":\"https:\/\/www.kinergie.eu\/\",\"name\":\"Kinergie\",\"description\":\"Centre Kin\u00e9 \u00e0 Uccle\",\"publisher\":{\"@id\":\"https:\/\/www.kinergie.eu\/#organization\"},\"potentialAction\":[{\"@type\":\"SearchAction\",\"target\":{\"@type\":\"EntryPoint\",\"urlTemplate\":\"https:\/\/www.kinergie.eu\/?s={search_term_string}\"},\"query-input\":\"required name=search_term_string\"}],\"inLanguage\":\"fr-FR\"},{\"@type\":\"Organization\",\"@id\":\"https:\/\/www.kinergie.eu\/#organization\",\"name\":\"Kinergie\",\"url\":\"https:\/\/www.kinergie.eu\/\",\"logo\":{\"@type\":\"ImageObject\",\"inLanguage\":\"fr-FR\",\"@id\":\"https:\/\/www.kinergie.eu\/#\/schema\/logo\/image\/\",\"url\":\"https:\/\/www.kinergie.eu\/wp-content\/uploads\/2019\/01\/Logo12.png\",\"contentUrl\":\"https:\/\/www.kinergie.eu\/wp-content\/uploads\/2019\/01\/Logo12.png\",\"width\":700,\"height\":782,\"caption\":\"Kinergie\"},\"image\":{\"@id\":\"https:\/\/www.kinergie.eu\/#\/schema\/logo\/image\/\"}}]}<\/script>\n<!-- \/ Yoast SEO plugin. -->","yoast_head_json":{"title":"Scoliose - kinergie","robots":{"index":"index","follow":"follow","max-snippet":"max-snippet:-1","max-image-preview":"max-image-preview:large","max-video-preview":"max-video-preview:-1"},"canonical":"https:\/\/www.kinergie.eu\/?page_id=73898","og_locale":"fr_FR","og_type":"article","og_title":"Scoliose - kinergie","og_description":"[vc_row][vc_column width=\u00a0\u00bb1\/2&Prime;][vc_custom_heading]Scoliose[\/vc_custom_heading][vc_column_text]La scoliose est une d\u00e9formation du dos pour des raisons les plus souvent m\u00e9connues. Sur un dos sain, il [&hellip;]","og_url":"https:\/\/www.kinergie.eu\/?page_id=73898","og_site_name":"kinergie","article_modified_time":"2022-02-14T17:09:14+00:00","twitter_card":"summary_large_image","twitter_misc":{"Dur\u00e9e de lecture estim\u00e9e":"2 minutes"},"schema":{"@context":"https:\/\/schema.org","@graph":[{"@type":"WebPage","@id":"https:\/\/www.kinergie.eu\/?page_id=73898","url":"https:\/\/www.kinergie.eu\/?page_id=73898","name":"Scoliose - kinergie","isPartOf":{"@id":"https:\/\/www.kinergie.eu\/#website"},"datePublished":"2020-07-06T14:39:12+00:00","dateModified":"2022-02-14T17:09:14+00:00","breadcrumb":{"@id":"https:\/\/www.kinergie.eu\/?page_id=73898#breadcrumb"},"inLanguage":"fr-FR","potentialAction":[{"@type":"ReadAction","target":["https:\/\/www.kinergie.eu\/?page_id=73898"]}]},{"@type":"BreadcrumbList","@id":"https:\/\/www.kinergie.eu\/?page_id=73898#breadcrumb","itemListElement":[{"@type":"ListItem","position":1,"name":"Accueil","item":"https:\/\/www.kinergie.eu\/"},{"@type":"ListItem","position":2,"name":"Scoliose"}]},{"@type":"WebSite","@id":"https:\/\/www.kinergie.eu\/#website","url":"https:\/\/www.kinergie.eu\/","name":"Kinergie","description":"Centre Kin\u00e9 \u00e0 Uccle","publisher":{"@id":"https:\/\/www.kinergie.eu\/#organization"},"potentialAction":[{"@type":"SearchAction","target":{"@type":"EntryPoint","urlTemplate":"https:\/\/www.kinergie.eu\/?s={search_term_string}"},"query-input":"required name=search_term_string"}],"inLanguage":"fr-FR"},{"@type":"Organization","@id":"https:\/\/www.kinergie.eu\/#organization","name":"Kinergie","url":"https:\/\/www.kinergie.eu\/","logo":{"@type":"ImageObject","inLanguage":"fr-FR","@id":"https:\/\/www.kinergie.eu\/#\/schema\/logo\/image\/","url":"https:\/\/www.kinergie.eu\/wp-content\/uploads\/2019\/01\/Logo12.png","contentUrl":"https:\/\/www.kinergie.eu\/wp-content\/uploads\/2019\/01\/Logo12.png","width":700,"height":782,"caption":"Kinergie"},"image":{"@id":"https:\/\/www.kinergie.eu\/#\/schema\/logo\/image\/"}}]}},"_links":{"self":[{"href":"https:\/\/www.kinergie.eu\/index.php?rest_route=\/wp\/v2\/pages\/73898"}],"collection":[{"href":"https:\/\/www.kinergie.eu\/index.php?rest_route=\/wp\/v2\/pages"}],"about":[{"href":"https:\/\/www.kinergie.eu\/index.php?rest_route=\/wp\/v2\/types\/page"}],"author":[{"embeddable":true,"href":"https:\/\/www.kinergie.eu\/index.php?rest_route=\/wp\/v2\/users\/1"}],"replies":[{"embeddable":true,"href":"https:\/\/www.kinergie.eu\/index.php?rest_route=%2Fwp%2Fv2%2Fcomments&post=73898"}],"version-history":[{"count":2,"href":"https:\/\/www.kinergie.eu\/index.php?rest_route=\/wp\/v2\/pages\/73898\/revisions"}],"predecessor-version":[{"id":74249,"href":"https:\/\/www.kinergie.eu\/index.php?rest_route=\/wp\/v2\/pages\/73898\/revisions\/74249"}],"wp:attachment":[{"href":"https:\/\/www.kinergie.eu\/index.php?rest_route=%2Fwp%2Fv2%2Fmedia&parent=73898"}],"curies":[{"name":"wp","href":"https:\/\/api.w.org\/{rel}","templated":true}]}}