{"id":73505,"date":"2019-01-06T17:20:03","date_gmt":"2019-01-06T16:20:03","guid":{"rendered":"http:\/\/www.kinergie.eu\/?page_id=73505"},"modified":"2019-02-06T09:25:23","modified_gmt":"2019-02-06T08:25:23","slug":"sophrologie-caycedienne","status":"publish","type":"page","link":"https:\/\/www.kinergie.eu\/?page_id=73505","title":{"rendered":"Sophrologie Caycedienne"},"content":{"rendered":"<p>[vc_row][vc_column width=\u00a0\u00bb1\/2&Prime;][vc_custom_heading text_color=\u00a0\u00bbcolor-112796&Prime; separator=\u00a0\u00bbyes\u00a0\u00bb separator_color=\u00a0\u00bbyes\u00a0\u00bb]Sophrologie Caycedienne[\/vc_custom_heading][vc_column_text]\u00ab\u00a0La <span style=\"color: #fc7e00;\">sophrologie<\/span> est une discipline qui aide chacun \u00e0 d\u00e9velopper une conscience sereine au moyen d\u2019un entrainement personnel bas\u00e9 sur des techniques de relaxation et d\u2019activation du corps et de l\u2019esprit\u00a0\u00bb.<\/p>\n<p>Source : Natalia Caycedo \u2013 colloque OMNC 2015<\/p>\n<p>la <span style=\"color: #fc7e00;\">sophrologie<\/span> nous permet de reprendre contact avec nous-m\u00eames, elle agit sur le plan physique et est bas\u00e9e sur des techniques corporelles simples et efficaces associant prise de conscience corporelle et respiration. Son objectif est d\u2019apporter un mieux-vivre corporel ainsi qu\u2019un mieux-\u00eatre au quotidien.<\/p>\n<p>Elle permet d\u2019<span style=\"color: #fc7e00;\">identifier<\/span> les \u00e9motions, de les <span style=\"color: #fc7e00;\">apprivoiser<\/span> et d\u2019en faire des alli\u00e9s pour avancer dans sa vie familiale, scolaire et sportive.<\/p>\n<p>La sophrologie est aussi une aide pr\u00e9cieuse chez les <span style=\"color: #fc7e00;\">enfants<\/span> et les adolescents, qui pr\u00e9sentent des troubles de la<span style=\"color: #fc7e00;\"> concentration<\/span>, des difficult\u00e9s d\u2019<span style=\"color: #fc7e00;\">apprentissage<\/span>, des difficult\u00e9s \u00e0 g\u00e9rer les \u00e9motions, un manque de <span style=\"color: #fc7e00;\">confiance en soi<\/span>, des troubles du<span style=\"color: #fc7e00;\"> sommeil<\/span>.<\/p>\n<p>L\u2019objectif est\u00a0de devenir<span style=\"color: #fc7e00;\"> autonome<\/span> par rapport \u00e0 la pratique et d\u2019int\u00e9grer les techniques apprises, dans votre quotidien.[\/vc_column_text][\/vc_column][vc_column width=\u00a0\u00bb1\/2&Prime;][vc_empty_space empty_h=\u00a0\u00bb3&Prime;][vc_single_image media=\u00a0\u00bb73833&Prime; media_width_percent=\u00a0\u00bb100&Prime;][\/vc_column][\/vc_row][vc_row][vc_column width=\u00a0\u00bb1\/1&Prime;][vc_separator sep_color=\u00a0\u00bbcolor-dfgh\u00a0\u00bb][\/vc_column][\/vc_row]<\/p>\n","protected":false},"excerpt":{"rendered":"<p>[vc_row][vc_column width=\u00a0\u00bb1\/2&Prime;][vc_custom_heading text_color=\u00a0\u00bbcolor-112796&Prime; separator=\u00a0\u00bbyes\u00a0\u00bb separator_color=\u00a0\u00bbyes\u00a0\u00bb]Sophrologie Caycedienne[\/vc_custom_heading][vc_column_text]\u00ab\u00a0La sophrologie est une discipline qui aide chacun \u00e0 d\u00e9velopper une conscience sereine au moyen [&hellip;]<\/p>\n","protected":false},"author":1,"featured_media":0,"parent":0,"menu_order":0,"comment_status":"closed","ping_status":"closed","template":"","meta":[],"yoast_head":"<!-- This site is optimized with the Yoast SEO plugin v21.1 - https:\/\/yoast.com\/wordpress\/plugins\/seo\/ -->\n<title>Sophrologie Caycedienne - kinergie<\/title>\n<meta name=\"robots\" content=\"index, follow, max-snippet:-1, max-image-preview:large, max-video-preview:-1\" \/>\n<link rel=\"canonical\" href=\"https:\/\/www.kinergie.eu\/?page_id=73505\" \/>\n<meta property=\"og:locale\" content=\"fr_FR\" \/>\n<meta property=\"og:type\" content=\"article\" \/>\n<meta property=\"og:title\" content=\"Sophrologie Caycedienne - kinergie\" \/>\n<meta property=\"og:description\" content=\"[vc_row][vc_column width=\u00a0\u00bb1\/2&Prime;][vc_custom_heading text_color=\u00a0\u00bbcolor-112796&Prime; separator=\u00a0\u00bbyes\u00a0\u00bb separator_color=\u00a0\u00bbyes\u00a0\u00bb]Sophrologie Caycedienne[\/vc_custom_heading][vc_column_text]\u00ab\u00a0La sophrologie est une discipline qui aide chacun \u00e0 d\u00e9velopper une conscience sereine au moyen [&hellip;]\" \/>\n<meta property=\"og:url\" content=\"https:\/\/www.kinergie.eu\/?page_id=73505\" \/>\n<meta property=\"og:site_name\" content=\"kinergie\" \/>\n<meta property=\"article:modified_time\" content=\"2019-02-06T08:25:23+00:00\" \/>\n<meta name=\"twitter:card\" content=\"summary_large_image\" \/>\n<meta name=\"twitter:label1\" content=\"Dur\u00e9e de lecture estim\u00e9e\" \/>\n\t<meta name=\"twitter:data1\" content=\"1 minute\" \/>\n<script type=\"application\/ld+json\" class=\"yoast-schema-graph\">{\"@context\":\"https:\/\/schema.org\",\"@graph\":[{\"@type\":\"WebPage\",\"@id\":\"https:\/\/www.kinergie.eu\/?page_id=73505\",\"url\":\"https:\/\/www.kinergie.eu\/?page_id=73505\",\"name\":\"Sophrologie Caycedienne - kinergie\",\"isPartOf\":{\"@id\":\"https:\/\/www.kinergie.eu\/#website\"},\"datePublished\":\"2019-01-06T16:20:03+00:00\",\"dateModified\":\"2019-02-06T08:25:23+00:00\",\"breadcrumb\":{\"@id\":\"https:\/\/www.kinergie.eu\/?page_id=73505#breadcrumb\"},\"inLanguage\":\"fr-FR\",\"potentialAction\":[{\"@type\":\"ReadAction\",\"target\":[\"https:\/\/www.kinergie.eu\/?page_id=73505\"]}]},{\"@type\":\"BreadcrumbList\",\"@id\":\"https:\/\/www.kinergie.eu\/?page_id=73505#breadcrumb\",\"itemListElement\":[{\"@type\":\"ListItem\",\"position\":1,\"name\":\"Accueil\",\"item\":\"https:\/\/www.kinergie.eu\/\"},{\"@type\":\"ListItem\",\"position\":2,\"name\":\"Sophrologie Caycedienne\"}]},{\"@type\":\"WebSite\",\"@id\":\"https:\/\/www.kinergie.eu\/#website\",\"url\":\"https:\/\/www.kinergie.eu\/\",\"name\":\"Kinergie\",\"description\":\"Centre Kin\u00e9 \u00e0 Uccle\",\"publisher\":{\"@id\":\"https:\/\/www.kinergie.eu\/#organization\"},\"potentialAction\":[{\"@type\":\"SearchAction\",\"target\":{\"@type\":\"EntryPoint\",\"urlTemplate\":\"https:\/\/www.kinergie.eu\/?s={search_term_string}\"},\"query-input\":\"required name=search_term_string\"}],\"inLanguage\":\"fr-FR\"},{\"@type\":\"Organization\",\"@id\":\"https:\/\/www.kinergie.eu\/#organization\",\"name\":\"Kinergie\",\"url\":\"https:\/\/www.kinergie.eu\/\",\"logo\":{\"@type\":\"ImageObject\",\"inLanguage\":\"fr-FR\",\"@id\":\"https:\/\/www.kinergie.eu\/#\/schema\/logo\/image\/\",\"url\":\"https:\/\/www.kinergie.eu\/wp-content\/uploads\/2019\/01\/Logo12.png\",\"contentUrl\":\"https:\/\/www.kinergie.eu\/wp-content\/uploads\/2019\/01\/Logo12.png\",\"width\":700,\"height\":782,\"caption\":\"Kinergie\"},\"image\":{\"@id\":\"https:\/\/www.kinergie.eu\/#\/schema\/logo\/image\/\"}}]}<\/script>\n<!-- \/ Yoast SEO plugin. -->","yoast_head_json":{"title":"Sophrologie Caycedienne - kinergie","robots":{"index":"index","follow":"follow","max-snippet":"max-snippet:-1","max-image-preview":"max-image-preview:large","max-video-preview":"max-video-preview:-1"},"canonical":"https:\/\/www.kinergie.eu\/?page_id=73505","og_locale":"fr_FR","og_type":"article","og_title":"Sophrologie Caycedienne - kinergie","og_description":"[vc_row][vc_column width=\u00a0\u00bb1\/2&Prime;][vc_custom_heading text_color=\u00a0\u00bbcolor-112796&Prime; separator=\u00a0\u00bbyes\u00a0\u00bb separator_color=\u00a0\u00bbyes\u00a0\u00bb]Sophrologie Caycedienne[\/vc_custom_heading][vc_column_text]\u00ab\u00a0La sophrologie est une discipline qui aide chacun \u00e0 d\u00e9velopper une conscience sereine au moyen [&hellip;]","og_url":"https:\/\/www.kinergie.eu\/?page_id=73505","og_site_name":"kinergie","article_modified_time":"2019-02-06T08:25:23+00:00","twitter_card":"summary_large_image","twitter_misc":{"Dur\u00e9e de lecture estim\u00e9e":"1 minute"},"schema":{"@context":"https:\/\/schema.org","@graph":[{"@type":"WebPage","@id":"https:\/\/www.kinergie.eu\/?page_id=73505","url":"https:\/\/www.kinergie.eu\/?page_id=73505","name":"Sophrologie Caycedienne - kinergie","isPartOf":{"@id":"https:\/\/www.kinergie.eu\/#website"},"datePublished":"2019-01-06T16:20:03+00:00","dateModified":"2019-02-06T08:25:23+00:00","breadcrumb":{"@id":"https:\/\/www.kinergie.eu\/?page_id=73505#breadcrumb"},"inLanguage":"fr-FR","potentialAction":[{"@type":"ReadAction","target":["https:\/\/www.kinergie.eu\/?page_id=73505"]}]},{"@type":"BreadcrumbList","@id":"https:\/\/www.kinergie.eu\/?page_id=73505#breadcrumb","itemListElement":[{"@type":"ListItem","position":1,"name":"Accueil","item":"https:\/\/www.kinergie.eu\/"},{"@type":"ListItem","position":2,"name":"Sophrologie Caycedienne"}]},{"@type":"WebSite","@id":"https:\/\/www.kinergie.eu\/#website","url":"https:\/\/www.kinergie.eu\/","name":"Kinergie","description":"Centre Kin\u00e9 \u00e0 Uccle","publisher":{"@id":"https:\/\/www.kinergie.eu\/#organization"},"potentialAction":[{"@type":"SearchAction","target":{"@type":"EntryPoint","urlTemplate":"https:\/\/www.kinergie.eu\/?s={search_term_string}"},"query-input":"required name=search_term_string"}],"inLanguage":"fr-FR"},{"@type":"Organization","@id":"https:\/\/www.kinergie.eu\/#organization","name":"Kinergie","url":"https:\/\/www.kinergie.eu\/","logo":{"@type":"ImageObject","inLanguage":"fr-FR","@id":"https:\/\/www.kinergie.eu\/#\/schema\/logo\/image\/","url":"https:\/\/www.kinergie.eu\/wp-content\/uploads\/2019\/01\/Logo12.png","contentUrl":"https:\/\/www.kinergie.eu\/wp-content\/uploads\/2019\/01\/Logo12.png","width":700,"height":782,"caption":"Kinergie"},"image":{"@id":"https:\/\/www.kinergie.eu\/#\/schema\/logo\/image\/"}}]}},"_links":{"self":[{"href":"https:\/\/www.kinergie.eu\/index.php?rest_route=\/wp\/v2\/pages\/73505"}],"collection":[{"href":"https:\/\/www.kinergie.eu\/index.php?rest_route=\/wp\/v2\/pages"}],"about":[{"href":"https:\/\/www.kinergie.eu\/index.php?rest_route=\/wp\/v2\/types\/page"}],"author":[{"embeddable":true,"href":"https:\/\/www.kinergie.eu\/index.php?rest_route=\/wp\/v2\/users\/1"}],"replies":[{"embeddable":true,"href":"https:\/\/www.kinergie.eu\/index.php?rest_route=%2Fwp%2Fv2%2Fcomments&post=73505"}],"version-history":[{"count":11,"href":"https:\/\/www.kinergie.eu\/index.php?rest_route=\/wp\/v2\/pages\/73505\/revisions"}],"predecessor-version":[{"id":73834,"href":"https:\/\/www.kinergie.eu\/index.php?rest_route=\/wp\/v2\/pages\/73505\/revisions\/73834"}],"wp:attachment":[{"href":"https:\/\/www.kinergie.eu\/index.php?rest_route=%2Fwp%2Fv2%2Fmedia&parent=73505"}],"curies":[{"name":"wp","href":"https:\/\/api.w.org\/{rel}","templated":true}]}}