{"id":73499,"date":"2019-01-06T17:18:34","date_gmt":"2019-01-06T16:18:34","guid":{"rendered":"http:\/\/www.kinergie.eu\/?page_id=73499"},"modified":"2019-02-06T09:26:40","modified_gmt":"2019-02-06T08:26:40","slug":"hypnose","status":"publish","type":"page","link":"https:\/\/www.kinergie.eu\/?page_id=73499","title":{"rendered":"Hypnose"},"content":{"rendered":"<p>[vc_row][vc_column width=\u00a0\u00bb1\/2&Prime;][vc_custom_heading text_color=\u00a0\u00bbcolor-112796&Prime; separator=\u00a0\u00bbyes\u00a0\u00bb separator_color=\u00a0\u00bbyes\u00a0\u00bb]Hypnose[\/vc_custom_heading][vc_column_text]L\u2019<span style=\"color: #fc7e00;\">hypnose<\/span>, selon Milton Erickson est d\u00e9finit comme \u00ab\u00a0un \u00e9tat d\u2019attention et de r\u00e9ceptivit\u00e9 intense avec une augmentation significative des r\u00e9actions positives \u00e0 une id\u00e9e ou \u00e0 un groupe d\u2019id\u00e9es\u00a0\u00bb.<\/p>\n<p>L\u2019\u00e9tat <span style=\"color: #fc7e00;\">hypnotique<\/span> est un processus naturel, c\u2019est un \u00e9tat de distraction ou d\u2019hyper concentration que nous connaissons tous r\u00e9guli\u00e8rement dans notre vie quotidienne. L\u2019<span style=\"color: #fc7e00;\">hypnose<\/span> est utilis\u00e9e pour de nombreuses situations et, en particulier, pour vous aider \u00e0\u00a0:<\/p>\n<p>\u2013 Optimiser la gestion de votre douleur, migraines, ou autres g\u00e8nes,<\/p>\n<p>\u2013 G\u00e9rer votre stress, d\u00e9velopper votre estime de vous, am\u00e9liorer vos capacit\u00e9s,<\/p>\n<p>\u2013 Retrouver un bien-\u00eatre physique et mental,<\/p>\n<p>\u2013 G\u00e9rer vos probl\u00e8mes d\u2019insomnie,<\/p>\n<p>\u2013 Surmonter les al\u00e9as de la vie quotidienne\u00a0: maladie, anxi\u00e9t\u00e9, deuil, burn-out<\/p>\n<p>\u2013 Surmonter des troubles fonctionnels\u00a0: \u00e9nur\u00e9sie ou autres<\/p>\n<p>\u2013 G\u00e9rer vos phobies, TOC et autres troubles<\/p>\n<p>Un accompagnement en technique<span style=\"color: #333333;\">\u00a0<\/span>d\u2019<span style=\"color: #000000;\"><span style=\"color: #fc7e00;\">auto hypnose<\/span><\/span>\u00a0peut aussi \u00eatre utile pour la pr\u00e9paration de diff\u00e9rents <span style=\"color: #fc7e00;\">examens m\u00e9dicaux<\/span>, intervention chirurgicale programm\u00e9e, des traitements m\u00e9dicaux lourds, ainsi que les soins palliatifs.<\/p>\n<p>L\u2019hypnose convient tant aux adultes qu\u2019aux adolescent et aux enfants.[\/vc_column_text][\/vc_column][vc_column width=\u00a0\u00bb1\/2&Prime;][vc_empty_space empty_h=\u00a0\u00bb3&Prime;][vc_single_image media=\u00a0\u00bb73835&Prime; media_width_percent=\u00a0\u00bb100&Prime;][\/vc_column][\/vc_row][vc_row][vc_column width=\u00a0\u00bb1\/1&Prime;][vc_separator sep_color=\u00a0\u00bbcolor-dfgh\u00a0\u00bb][\/vc_column][\/vc_row]<\/p>\n","protected":false},"excerpt":{"rendered":"<p>[vc_row][vc_column width=\u00a0\u00bb1\/2&Prime;][vc_custom_heading text_color=\u00a0\u00bbcolor-112796&Prime; separator=\u00a0\u00bbyes\u00a0\u00bb separator_color=\u00a0\u00bbyes\u00a0\u00bb]Hypnose[\/vc_custom_heading][vc_column_text]L\u2019hypnose, selon Milton Erickson est d\u00e9finit comme \u00ab\u00a0un \u00e9tat d\u2019attention et de r\u00e9ceptivit\u00e9 intense avec une [&hellip;]<\/p>\n","protected":false},"author":1,"featured_media":0,"parent":0,"menu_order":0,"comment_status":"closed","ping_status":"closed","template":"","meta":[],"yoast_head":"<!-- This site is optimized with the Yoast SEO plugin v21.1 - https:\/\/yoast.com\/wordpress\/plugins\/seo\/ -->\n<title>Hypnose - kinergie<\/title>\n<meta name=\"robots\" content=\"index, follow, max-snippet:-1, max-image-preview:large, max-video-preview:-1\" \/>\n<link rel=\"canonical\" href=\"https:\/\/www.kinergie.eu\/?page_id=73499\" \/>\n<meta property=\"og:locale\" content=\"fr_FR\" \/>\n<meta property=\"og:type\" content=\"article\" \/>\n<meta property=\"og:title\" content=\"Hypnose - kinergie\" \/>\n<meta property=\"og:description\" content=\"[vc_row][vc_column width=\u00a0\u00bb1\/2&Prime;][vc_custom_heading text_color=\u00a0\u00bbcolor-112796&Prime; separator=\u00a0\u00bbyes\u00a0\u00bb separator_color=\u00a0\u00bbyes\u00a0\u00bb]Hypnose[\/vc_custom_heading][vc_column_text]L\u2019hypnose, selon Milton Erickson est d\u00e9finit comme \u00ab\u00a0un \u00e9tat d\u2019attention et de r\u00e9ceptivit\u00e9 intense avec une [&hellip;]\" \/>\n<meta property=\"og:url\" content=\"https:\/\/www.kinergie.eu\/?page_id=73499\" \/>\n<meta property=\"og:site_name\" content=\"kinergie\" \/>\n<meta property=\"article:modified_time\" content=\"2019-02-06T08:26:40+00:00\" \/>\n<meta name=\"twitter:card\" content=\"summary_large_image\" \/>\n<meta name=\"twitter:label1\" content=\"Dur\u00e9e de lecture estim\u00e9e\" \/>\n\t<meta name=\"twitter:data1\" content=\"1 minute\" \/>\n<script type=\"application\/ld+json\" class=\"yoast-schema-graph\">{\"@context\":\"https:\/\/schema.org\",\"@graph\":[{\"@type\":\"WebPage\",\"@id\":\"https:\/\/www.kinergie.eu\/?page_id=73499\",\"url\":\"https:\/\/www.kinergie.eu\/?page_id=73499\",\"name\":\"Hypnose - kinergie\",\"isPartOf\":{\"@id\":\"https:\/\/www.kinergie.eu\/#website\"},\"datePublished\":\"2019-01-06T16:18:34+00:00\",\"dateModified\":\"2019-02-06T08:26:40+00:00\",\"breadcrumb\":{\"@id\":\"https:\/\/www.kinergie.eu\/?page_id=73499#breadcrumb\"},\"inLanguage\":\"fr-FR\",\"potentialAction\":[{\"@type\":\"ReadAction\",\"target\":[\"https:\/\/www.kinergie.eu\/?page_id=73499\"]}]},{\"@type\":\"BreadcrumbList\",\"@id\":\"https:\/\/www.kinergie.eu\/?page_id=73499#breadcrumb\",\"itemListElement\":[{\"@type\":\"ListItem\",\"position\":1,\"name\":\"Accueil\",\"item\":\"https:\/\/www.kinergie.eu\/\"},{\"@type\":\"ListItem\",\"position\":2,\"name\":\"Hypnose\"}]},{\"@type\":\"WebSite\",\"@id\":\"https:\/\/www.kinergie.eu\/#website\",\"url\":\"https:\/\/www.kinergie.eu\/\",\"name\":\"Kinergie\",\"description\":\"Centre Kin\u00e9 \u00e0 Uccle\",\"publisher\":{\"@id\":\"https:\/\/www.kinergie.eu\/#organization\"},\"potentialAction\":[{\"@type\":\"SearchAction\",\"target\":{\"@type\":\"EntryPoint\",\"urlTemplate\":\"https:\/\/www.kinergie.eu\/?s={search_term_string}\"},\"query-input\":\"required name=search_term_string\"}],\"inLanguage\":\"fr-FR\"},{\"@type\":\"Organization\",\"@id\":\"https:\/\/www.kinergie.eu\/#organization\",\"name\":\"Kinergie\",\"url\":\"https:\/\/www.kinergie.eu\/\",\"logo\":{\"@type\":\"ImageObject\",\"inLanguage\":\"fr-FR\",\"@id\":\"https:\/\/www.kinergie.eu\/#\/schema\/logo\/image\/\",\"url\":\"https:\/\/www.kinergie.eu\/wp-content\/uploads\/2019\/01\/Logo12.png\",\"contentUrl\":\"https:\/\/www.kinergie.eu\/wp-content\/uploads\/2019\/01\/Logo12.png\",\"width\":700,\"height\":782,\"caption\":\"Kinergie\"},\"image\":{\"@id\":\"https:\/\/www.kinergie.eu\/#\/schema\/logo\/image\/\"}}]}<\/script>\n<!-- \/ Yoast SEO plugin. -->","yoast_head_json":{"title":"Hypnose - kinergie","robots":{"index":"index","follow":"follow","max-snippet":"max-snippet:-1","max-image-preview":"max-image-preview:large","max-video-preview":"max-video-preview:-1"},"canonical":"https:\/\/www.kinergie.eu\/?page_id=73499","og_locale":"fr_FR","og_type":"article","og_title":"Hypnose - kinergie","og_description":"[vc_row][vc_column width=\u00a0\u00bb1\/2&Prime;][vc_custom_heading text_color=\u00a0\u00bbcolor-112796&Prime; separator=\u00a0\u00bbyes\u00a0\u00bb separator_color=\u00a0\u00bbyes\u00a0\u00bb]Hypnose[\/vc_custom_heading][vc_column_text]L\u2019hypnose, selon Milton Erickson est d\u00e9finit comme \u00ab\u00a0un \u00e9tat d\u2019attention et de r\u00e9ceptivit\u00e9 intense avec une [&hellip;]","og_url":"https:\/\/www.kinergie.eu\/?page_id=73499","og_site_name":"kinergie","article_modified_time":"2019-02-06T08:26:40+00:00","twitter_card":"summary_large_image","twitter_misc":{"Dur\u00e9e de lecture estim\u00e9e":"1 minute"},"schema":{"@context":"https:\/\/schema.org","@graph":[{"@type":"WebPage","@id":"https:\/\/www.kinergie.eu\/?page_id=73499","url":"https:\/\/www.kinergie.eu\/?page_id=73499","name":"Hypnose - kinergie","isPartOf":{"@id":"https:\/\/www.kinergie.eu\/#website"},"datePublished":"2019-01-06T16:18:34+00:00","dateModified":"2019-02-06T08:26:40+00:00","breadcrumb":{"@id":"https:\/\/www.kinergie.eu\/?page_id=73499#breadcrumb"},"inLanguage":"fr-FR","potentialAction":[{"@type":"ReadAction","target":["https:\/\/www.kinergie.eu\/?page_id=73499"]}]},{"@type":"BreadcrumbList","@id":"https:\/\/www.kinergie.eu\/?page_id=73499#breadcrumb","itemListElement":[{"@type":"ListItem","position":1,"name":"Accueil","item":"https:\/\/www.kinergie.eu\/"},{"@type":"ListItem","position":2,"name":"Hypnose"}]},{"@type":"WebSite","@id":"https:\/\/www.kinergie.eu\/#website","url":"https:\/\/www.kinergie.eu\/","name":"Kinergie","description":"Centre Kin\u00e9 \u00e0 Uccle","publisher":{"@id":"https:\/\/www.kinergie.eu\/#organization"},"potentialAction":[{"@type":"SearchAction","target":{"@type":"EntryPoint","urlTemplate":"https:\/\/www.kinergie.eu\/?s={search_term_string}"},"query-input":"required name=search_term_string"}],"inLanguage":"fr-FR"},{"@type":"Organization","@id":"https:\/\/www.kinergie.eu\/#organization","name":"Kinergie","url":"https:\/\/www.kinergie.eu\/","logo":{"@type":"ImageObject","inLanguage":"fr-FR","@id":"https:\/\/www.kinergie.eu\/#\/schema\/logo\/image\/","url":"https:\/\/www.kinergie.eu\/wp-content\/uploads\/2019\/01\/Logo12.png","contentUrl":"https:\/\/www.kinergie.eu\/wp-content\/uploads\/2019\/01\/Logo12.png","width":700,"height":782,"caption":"Kinergie"},"image":{"@id":"https:\/\/www.kinergie.eu\/#\/schema\/logo\/image\/"}}]}},"_links":{"self":[{"href":"https:\/\/www.kinergie.eu\/index.php?rest_route=\/wp\/v2\/pages\/73499"}],"collection":[{"href":"https:\/\/www.kinergie.eu\/index.php?rest_route=\/wp\/v2\/pages"}],"about":[{"href":"https:\/\/www.kinergie.eu\/index.php?rest_route=\/wp\/v2\/types\/page"}],"author":[{"embeddable":true,"href":"https:\/\/www.kinergie.eu\/index.php?rest_route=\/wp\/v2\/users\/1"}],"replies":[{"embeddable":true,"href":"https:\/\/www.kinergie.eu\/index.php?rest_route=%2Fwp%2Fv2%2Fcomments&post=73499"}],"version-history":[{"count":11,"href":"https:\/\/www.kinergie.eu\/index.php?rest_route=\/wp\/v2\/pages\/73499\/revisions"}],"predecessor-version":[{"id":73836,"href":"https:\/\/www.kinergie.eu\/index.php?rest_route=\/wp\/v2\/pages\/73499\/revisions\/73836"}],"wp:attachment":[{"href":"https:\/\/www.kinergie.eu\/index.php?rest_route=%2Fwp%2Fv2%2Fmedia&parent=73499"}],"curies":[{"name":"wp","href":"https:\/\/api.w.org\/{rel}","templated":true}]}}