{"id":73493,"date":"2019-01-06T17:17:28","date_gmt":"2019-01-06T16:17:28","guid":{"rendered":"http:\/\/www.kinergie.eu\/?page_id=73493"},"modified":"2022-02-14T18:14:33","modified_gmt":"2022-02-14T17:14:33","slug":"soins-energetiques","status":"publish","type":"page","link":"https:\/\/www.kinergie.eu\/?page_id=73493","title":{"rendered":"Soins \u00c9nerg\u00e9tiques"},"content":{"rendered":"<p>[vc_row][vc_column width=\u00a0\u00bb1\/2&Prime;][vc_custom_heading text_color=\u00a0\u00bbcolor-112796&Prime; separator=\u00a0\u00bbyes\u00a0\u00bb separator_color=\u00a0\u00bbyes\u00a0\u00bb]Soins \u00c9nerg\u00e9tiques[\/vc_custom_heading][vc_column_text]Les\u00a0<span style=\"color: #fc7e00;\">soins \u00e9nerg\u00e9tiques<\/span>\u00a0permettent de r\u00e9guler les \u00e9nergies qui se trouvent autour du corps physique. Si les \u00e9nergies sont d\u00e9s\u00e9quilibr\u00e9es, le corps physique peut se sentir fatigu\u00e9 ou ne pas fonctionner comme il le devrait. En prenant soin de nos couches \u00e9nerg\u00e9tiques, nous prenons soin de notre corps physique.<\/p>\n<p>Deux soins bien sp\u00e9cifiques, vous sont propos\u00e9s\u00a0:<\/p>\n<p>Le <span style=\"color: #fc7e00;\">soin \u00e9nerg\u00e9tique M\u00e9tatronique<\/span> est un soin complet prenant la personne dans sa <span style=\"color: #fc7e00;\">globalit\u00e9<\/span>. Il permet en effet de travailler la personne dans son enti\u00e8ret\u00e9 reliant l\u2019esprit au corps. Ce soin puissant permet un nettoyage en profondeur de vos chakras, couches \u00e9nerg\u00e9tiques, gabarit magn\u00e9tique (votre forme 3D dans l\u2019\u00e9ther), ADN et g\u00e9om\u00e9tries sacr\u00e9es. Vous serez r\u00e9align\u00e9 dans votre globalit\u00e9 ainsi que dans votre multi-dimensionnalit\u00e9. Ainsi les plans physique, astral et spirituel seront adress\u00e9s et r\u00e9align\u00e9s. Suite \u00e0 un soin M\u00e9tatronique, il faut compter 12 semaines d\u2019int\u00e9gration.<\/p>\n<p>[\/vc_column_text][\/vc_column][vc_column width=\u00a0\u00bb1\/2&Prime;][vc_empty_space empty_h=\u00a0\u00bb3&Prime;][vc_single_image media=\u00a0\u00bb74256&Prime; media_width_percent=\u00a0\u00bb85&Prime;][vc_column_text]Le <span style=\"color: #fc7e00;\">Reiki unitaire<\/span>, ou Reiki universel du son, inclut les pratiques les plus importantes des autres \u00e9coles de Reiki. Reiki signifie \u00c9nergie Universelle de Vie. Lors d\u2019une s\u00e9ance de Reiki Unitaire, des symboles sacr\u00e9s vous seront chant\u00e9s au niveau des chakras afin de vous ramener dans votre individualit\u00e9 et votre Pr\u00e9sence Je Suis, la fr\u00e9quence la plus \u00e9lev\u00e9e de v\u00f4tre \u00eatre. Ces symboles sacr\u00e9s repr\u00e9sentant la Force Universelle de Vie. En d\u2019autres mots, ce soin vous aide \u00e0 retrouver votre Essence, qui vous \u00eates vraiment. C\u2019est un massage sonore par la voix qui apporte d\u00e9tente, harmonisation des chakras et nettoyage des \u00e9nergies discordantes de nos corps.[\/vc_column_text][\/vc_column][\/vc_row][vc_row][vc_column width=\u00a0\u00bb1\/1&Prime;][vc_separator sep_color=\u00a0\u00bbcolor-dfgh\u00a0\u00bb][\/vc_column][\/vc_row]<\/p>\n","protected":false},"excerpt":{"rendered":"<p>[vc_row][vc_column width=\u00a0\u00bb1\/2&Prime;][vc_custom_heading text_color=\u00a0\u00bbcolor-112796&Prime; separator=\u00a0\u00bbyes\u00a0\u00bb separator_color=\u00a0\u00bbyes\u00a0\u00bb]Soins \u00c9nerg\u00e9tiques[\/vc_custom_heading][vc_column_text]Les\u00a0soins \u00e9nerg\u00e9tiques\u00a0permettent de r\u00e9guler les \u00e9nergies qui se trouvent autour du corps physique. Si les [&hellip;]<\/p>\n","protected":false},"author":1,"featured_media":0,"parent":0,"menu_order":0,"comment_status":"closed","ping_status":"closed","template":"","meta":[],"yoast_head":"<!-- This site is optimized with the Yoast SEO plugin v21.1 - https:\/\/yoast.com\/wordpress\/plugins\/seo\/ -->\n<title>Soins \u00c9nerg\u00e9tiques - kinergie<\/title>\n<meta name=\"robots\" content=\"index, follow, max-snippet:-1, max-image-preview:large, max-video-preview:-1\" \/>\n<link rel=\"canonical\" href=\"https:\/\/www.kinergie.eu\/?page_id=73493\" \/>\n<meta property=\"og:locale\" content=\"fr_FR\" \/>\n<meta property=\"og:type\" content=\"article\" \/>\n<meta property=\"og:title\" content=\"Soins \u00c9nerg\u00e9tiques - kinergie\" \/>\n<meta property=\"og:description\" content=\"[vc_row][vc_column width=\u00a0\u00bb1\/2&Prime;][vc_custom_heading text_color=\u00a0\u00bbcolor-112796&Prime; separator=\u00a0\u00bbyes\u00a0\u00bb separator_color=\u00a0\u00bbyes\u00a0\u00bb]Soins \u00c9nerg\u00e9tiques[\/vc_custom_heading][vc_column_text]Les\u00a0soins \u00e9nerg\u00e9tiques\u00a0permettent de r\u00e9guler les \u00e9nergies qui se trouvent autour du corps physique. Si les [&hellip;]\" \/>\n<meta property=\"og:url\" content=\"https:\/\/www.kinergie.eu\/?page_id=73493\" \/>\n<meta property=\"og:site_name\" content=\"kinergie\" \/>\n<meta property=\"article:modified_time\" content=\"2022-02-14T17:14:33+00:00\" \/>\n<meta name=\"twitter:card\" content=\"summary_large_image\" \/>\n<meta name=\"twitter:label1\" content=\"Dur\u00e9e de lecture estim\u00e9e\" \/>\n\t<meta name=\"twitter:data1\" content=\"2 minutes\" \/>\n<script type=\"application\/ld+json\" class=\"yoast-schema-graph\">{\"@context\":\"https:\/\/schema.org\",\"@graph\":[{\"@type\":\"WebPage\",\"@id\":\"https:\/\/www.kinergie.eu\/?page_id=73493\",\"url\":\"https:\/\/www.kinergie.eu\/?page_id=73493\",\"name\":\"Soins \u00c9nerg\u00e9tiques - kinergie\",\"isPartOf\":{\"@id\":\"https:\/\/www.kinergie.eu\/#website\"},\"datePublished\":\"2019-01-06T16:17:28+00:00\",\"dateModified\":\"2022-02-14T17:14:33+00:00\",\"breadcrumb\":{\"@id\":\"https:\/\/www.kinergie.eu\/?page_id=73493#breadcrumb\"},\"inLanguage\":\"fr-FR\",\"potentialAction\":[{\"@type\":\"ReadAction\",\"target\":[\"https:\/\/www.kinergie.eu\/?page_id=73493\"]}]},{\"@type\":\"BreadcrumbList\",\"@id\":\"https:\/\/www.kinergie.eu\/?page_id=73493#breadcrumb\",\"itemListElement\":[{\"@type\":\"ListItem\",\"position\":1,\"name\":\"Accueil\",\"item\":\"https:\/\/www.kinergie.eu\/\"},{\"@type\":\"ListItem\",\"position\":2,\"name\":\"Soins \u00c9nerg\u00e9tiques\"}]},{\"@type\":\"WebSite\",\"@id\":\"https:\/\/www.kinergie.eu\/#website\",\"url\":\"https:\/\/www.kinergie.eu\/\",\"name\":\"Kinergie\",\"description\":\"Centre Kin\u00e9 \u00e0 Uccle\",\"publisher\":{\"@id\":\"https:\/\/www.kinergie.eu\/#organization\"},\"potentialAction\":[{\"@type\":\"SearchAction\",\"target\":{\"@type\":\"EntryPoint\",\"urlTemplate\":\"https:\/\/www.kinergie.eu\/?s={search_term_string}\"},\"query-input\":\"required name=search_term_string\"}],\"inLanguage\":\"fr-FR\"},{\"@type\":\"Organization\",\"@id\":\"https:\/\/www.kinergie.eu\/#organization\",\"name\":\"Kinergie\",\"url\":\"https:\/\/www.kinergie.eu\/\",\"logo\":{\"@type\":\"ImageObject\",\"inLanguage\":\"fr-FR\",\"@id\":\"https:\/\/www.kinergie.eu\/#\/schema\/logo\/image\/\",\"url\":\"https:\/\/www.kinergie.eu\/wp-content\/uploads\/2019\/01\/Logo12.png\",\"contentUrl\":\"https:\/\/www.kinergie.eu\/wp-content\/uploads\/2019\/01\/Logo12.png\",\"width\":700,\"height\":782,\"caption\":\"Kinergie\"},\"image\":{\"@id\":\"https:\/\/www.kinergie.eu\/#\/schema\/logo\/image\/\"}}]}<\/script>\n<!-- \/ Yoast SEO plugin. -->","yoast_head_json":{"title":"Soins \u00c9nerg\u00e9tiques - kinergie","robots":{"index":"index","follow":"follow","max-snippet":"max-snippet:-1","max-image-preview":"max-image-preview:large","max-video-preview":"max-video-preview:-1"},"canonical":"https:\/\/www.kinergie.eu\/?page_id=73493","og_locale":"fr_FR","og_type":"article","og_title":"Soins \u00c9nerg\u00e9tiques - kinergie","og_description":"[vc_row][vc_column width=\u00a0\u00bb1\/2&Prime;][vc_custom_heading text_color=\u00a0\u00bbcolor-112796&Prime; separator=\u00a0\u00bbyes\u00a0\u00bb separator_color=\u00a0\u00bbyes\u00a0\u00bb]Soins \u00c9nerg\u00e9tiques[\/vc_custom_heading][vc_column_text]Les\u00a0soins \u00e9nerg\u00e9tiques\u00a0permettent de r\u00e9guler les \u00e9nergies qui se trouvent autour du corps physique. Si les [&hellip;]","og_url":"https:\/\/www.kinergie.eu\/?page_id=73493","og_site_name":"kinergie","article_modified_time":"2022-02-14T17:14:33+00:00","twitter_card":"summary_large_image","twitter_misc":{"Dur\u00e9e de lecture estim\u00e9e":"2 minutes"},"schema":{"@context":"https:\/\/schema.org","@graph":[{"@type":"WebPage","@id":"https:\/\/www.kinergie.eu\/?page_id=73493","url":"https:\/\/www.kinergie.eu\/?page_id=73493","name":"Soins \u00c9nerg\u00e9tiques - kinergie","isPartOf":{"@id":"https:\/\/www.kinergie.eu\/#website"},"datePublished":"2019-01-06T16:17:28+00:00","dateModified":"2022-02-14T17:14:33+00:00","breadcrumb":{"@id":"https:\/\/www.kinergie.eu\/?page_id=73493#breadcrumb"},"inLanguage":"fr-FR","potentialAction":[{"@type":"ReadAction","target":["https:\/\/www.kinergie.eu\/?page_id=73493"]}]},{"@type":"BreadcrumbList","@id":"https:\/\/www.kinergie.eu\/?page_id=73493#breadcrumb","itemListElement":[{"@type":"ListItem","position":1,"name":"Accueil","item":"https:\/\/www.kinergie.eu\/"},{"@type":"ListItem","position":2,"name":"Soins \u00c9nerg\u00e9tiques"}]},{"@type":"WebSite","@id":"https:\/\/www.kinergie.eu\/#website","url":"https:\/\/www.kinergie.eu\/","name":"Kinergie","description":"Centre Kin\u00e9 \u00e0 Uccle","publisher":{"@id":"https:\/\/www.kinergie.eu\/#organization"},"potentialAction":[{"@type":"SearchAction","target":{"@type":"EntryPoint","urlTemplate":"https:\/\/www.kinergie.eu\/?s={search_term_string}"},"query-input":"required name=search_term_string"}],"inLanguage":"fr-FR"},{"@type":"Organization","@id":"https:\/\/www.kinergie.eu\/#organization","name":"Kinergie","url":"https:\/\/www.kinergie.eu\/","logo":{"@type":"ImageObject","inLanguage":"fr-FR","@id":"https:\/\/www.kinergie.eu\/#\/schema\/logo\/image\/","url":"https:\/\/www.kinergie.eu\/wp-content\/uploads\/2019\/01\/Logo12.png","contentUrl":"https:\/\/www.kinergie.eu\/wp-content\/uploads\/2019\/01\/Logo12.png","width":700,"height":782,"caption":"Kinergie"},"image":{"@id":"https:\/\/www.kinergie.eu\/#\/schema\/logo\/image\/"}}]}},"_links":{"self":[{"href":"https:\/\/www.kinergie.eu\/index.php?rest_route=\/wp\/v2\/pages\/73493"}],"collection":[{"href":"https:\/\/www.kinergie.eu\/index.php?rest_route=\/wp\/v2\/pages"}],"about":[{"href":"https:\/\/www.kinergie.eu\/index.php?rest_route=\/wp\/v2\/types\/page"}],"author":[{"embeddable":true,"href":"https:\/\/www.kinergie.eu\/index.php?rest_route=\/wp\/v2\/users\/1"}],"replies":[{"embeddable":true,"href":"https:\/\/www.kinergie.eu\/index.php?rest_route=%2Fwp%2Fv2%2Fcomments&post=73493"}],"version-history":[{"count":8,"href":"https:\/\/www.kinergie.eu\/index.php?rest_route=\/wp\/v2\/pages\/73493\/revisions"}],"predecessor-version":[{"id":74257,"href":"https:\/\/www.kinergie.eu\/index.php?rest_route=\/wp\/v2\/pages\/73493\/revisions\/74257"}],"wp:attachment":[{"href":"https:\/\/www.kinergie.eu\/index.php?rest_route=%2Fwp%2Fv2%2Fmedia&parent=73493"}],"curies":[{"name":"wp","href":"https:\/\/api.w.org\/{rel}","templated":true}]}}