{"id":73015,"date":"2018-12-30T15:30:31","date_gmt":"2018-12-30T14:30:31","guid":{"rendered":"http:\/\/www.kinergie.eu\/?page_id=73015"},"modified":"2022-02-03T18:44:45","modified_gmt":"2022-02-03T17:44:45","slug":"naima-talbi","status":"publish","type":"page","link":"https:\/\/www.kinergie.eu\/?page_id=73015","title":{"rendered":"Na\u00efma Talbi"},"content":{"rendered":"<p>[vc_row][vc_column width=\u00a0\u00bb1\/2&Prime;][vc_custom_heading text_size=\u00a0\u00bbh1&Prime; text_color=\u00a0\u00bbcolor-112796&Prime; separator=\u00a0\u00bbyes\u00a0\u00bb separator_color=\u00a0\u00bbyes\u00a0\u00bb]<span style=\"color: #000051;\"><strong>Na\u00efma Talbi<\/strong><\/span>[\/vc_custom_heading][vc_column_text]<span style=\"color: #fc7e00;\">Infirmi\u00e8re anesth\u00e9siste<\/span>, <span style=\"color: #fc7e00;\">Hypnose Eriksonienne<\/span> et <span style=\"color: #fc7e00;\">Sophrologue<\/span><\/p>\n<h3><strong><span style=\"color: #fc7e00;\">Qui suis-je\u00a0?<\/span><br \/>\n<\/strong><\/h3>\n<p>Aujourd\u2019hui, dans notre soci\u00e9t\u00e9, tout va tr\u00e8s vite\u00a0: le stress nous agrippe, le sommeil nous \u00e9chappe, l\u2019angoisse monte\u2026 Nous prenons sur nous, mais un jour, nous nous r\u00e9veillons sans plus pouvoir avancer. Les \u00e9motions nous submergent, la confiance en soi dispara\u00eet, les peurs nous gagnent, en m\u00eame temps que les probl\u00e8mes physiques. La fatigue -physique et\/ou psychique- s\u2019installe, synonyme d\u2019\u00e9puisement, de stress et d\u2019irritabilit\u00e9.<\/p>\n<p>Plusieurs m\u00e9thodes permettent de prendre soin de soi et sortir de cette spirale\u00a0comme la <span style=\"color: #fc7e00;\">sophrologie<\/span> et <span style=\"color: #fc7e00;\">l\u2019hypnose<\/span>. Ces m\u00e9thodes peuvent vous aider \u00e0 amorcer un changement dans votre vie, \u00e0 la seule condition que vous vouliez en changer et que vous soyez pr\u00eats \u00e0 avancer vers un mieux-\u00eatre.<\/p>\n<h2>\u00a0<span style=\"color: #fc5900;\">\u00ab\u00a0vous devez \u00eatre le changement que vous voulez voir dans ce monde\u00a0\u00bb Gandhi<\/span><\/h2>\n<p><span style=\"color: #fc7e00;\">Infirmi\u00e8re anesth\u00e9siste<\/span>, je me forme \u00e0 l\u2019<span style=\"color: #fc7e00;\">hypnose Ericksonienne<\/span> que j\u2019utilise au bloc op\u00e9ratoire en France. Arriv\u00e9e en Belgique, je quitte le milieu hospitalier et ajoute la <span style=\"color: #fc7e00;\">sophrologie Caycedienne<\/span> \u00e0 ma panoplie pour donner aux patients un maximum d\u2019outils afin d\u2019avancer rapidement de fa\u00e7on autonome. Chacun puise ce dont il a besoin dans ces techniques pour g\u00e9rer \u00e9motions, douleurs, insomnies, angoisses, troubles de l\u2019attention, phobies ou burn-out\u2026\u00a0 Gr\u00e2ce \u00e0 mon exp\u00e9rience de terrain, je pr\u00e9pare ceux qui le d\u00e9sirent \u00e0 toute intervention qui n\u00e9cessite une anesth\u00e9sie.<\/p>\n<p>Je me d\u00e9place \u00e9galement \u00e0 domicile ou en milieu hospitalier si besoin.[\/vc_column_text][\/vc_column][vc_column width=\u00a0\u00bb1\/2&Prime;][vc_empty_space empty_h=\u00a0\u00bb3&Prime;][vc_single_image media=\u00a0\u00bb73234&Prime; media_width_percent=\u00a0\u00bb75&Prime;][\/vc_column][\/vc_row][vc_row][vc_column width=\u00a0\u00bb1\/1&Prime;][vc_separator sep_color=\u00a0\u00bbcolor-dfgh\u00a0\u00bb][\/vc_column][\/vc_row][vc_row][vc_column width=\u00a0\u00bb1\/2&Prime;][vc_single_image media=\u00a0\u00bb74074&Prime; media_width_percent=\u00a0\u00bb70&Prime;][\/vc_column][vc_column width=\u00a0\u00bb1\/2&Prime;][vc_column_text]<\/p>\n<h3><span style=\"color: #fc7e00;\"><strong>Comp\u00e9tences\u00a0:<\/strong><\/span><\/h3>\n<p style=\"text-align: left;\"><span style=\"text-decoration: underline;\"><strong><a href=\"http:\/\/www.kinergie.eu\/?page_id=73499\">Hypnose<\/a><\/strong><\/span><\/p>\n<p style=\"text-align: left;\"><span style=\"text-decoration: underline;\"><strong><a href=\"http:\/\/www.kinergie.eu\/?page_id=73505\">Sophrologie<\/a><\/strong><\/span><\/p>\n<p>[\/vc_column_text][vc_column_text]<\/p>\n<h3><span style=\"color: #fc7e00;\"><strong>Comment me joindre\u00a0?<\/strong><\/span><\/h3>\n<p><a href=\"tel:0493975954\"><span style=\"text-decoration: underline;\"><strong>+32 (0) 493 97 59 54<\/strong><\/span><\/a><\/p>\n<p><a href=\"mailto:naima.talbi.hypnose@gmail.com\"><span style=\"text-decoration: underline;\"><strong>naima.talbi.hypnose@gmail.com<\/strong><\/span><\/a><\/p>\n<p><a href=\"http:\/\/www.hypnose-etreconscient.com\"><b><u>www.hypnose-etreconscient.com<\/u><\/b><\/a>[\/vc_column_text][vc_column_text]<\/p>\n<h3><span style=\"color: #fc7e00;\"><strong>Adresse<\/strong><\/span><\/h3>\n<p class=\"m_5058615310638845275MsoListParagraph\"><b><span style=\"color: #000054;\">Frankveld 35<\/span><\/b><\/p>\n<p class=\"m_5058615310638845275MsoListParagraph\"><b><span style=\"color: #000054;\">1620 Drogenbos<\/span><u><\/u><u><\/u><\/b><\/p>\n<p class=\"m_5058615310638845275MsoListParagraph\">Pr\u00e8s de Calevoet.<\/p>\n<p>[\/vc_column_text][\/vc_column][\/vc_row][vc_row][vc_column width=\u00a0\u00bb1\/1&Prime;][vc_separator sep_color=\u00a0\u00bbcolor-dfgh\u00a0\u00bb][\/vc_column][\/vc_row]<\/p>\n","protected":false},"excerpt":{"rendered":"<p>[vc_row][vc_column width=\u00a0\u00bb1\/2&Prime;][vc_custom_heading text_size=\u00a0\u00bbh1&Prime; text_color=\u00a0\u00bbcolor-112796&Prime; separator=\u00a0\u00bbyes\u00a0\u00bb separator_color=\u00a0\u00bbyes\u00a0\u00bb]Na\u00efma Talbi[\/vc_custom_heading][vc_column_text]Infirmi\u00e8re anesth\u00e9siste, Hypnose Eriksonienne et Sophrologue Qui suis-je\u00a0? Aujourd\u2019hui, dans notre soci\u00e9t\u00e9, tout va [&hellip;]<\/p>\n","protected":false},"author":1,"featured_media":0,"parent":0,"menu_order":0,"comment_status":"closed","ping_status":"closed","template":"","meta":[],"yoast_head":"<!-- This site is optimized with the Yoast SEO plugin v21.1 - https:\/\/yoast.com\/wordpress\/plugins\/seo\/ -->\n<title>Na\u00efma Talbi - kinergie<\/title>\n<meta name=\"robots\" content=\"index, follow, max-snippet:-1, max-image-preview:large, max-video-preview:-1\" \/>\n<link rel=\"canonical\" href=\"https:\/\/www.kinergie.eu\/?page_id=73015\" \/>\n<meta property=\"og:locale\" content=\"fr_FR\" \/>\n<meta property=\"og:type\" content=\"article\" \/>\n<meta property=\"og:title\" content=\"Na\u00efma Talbi - kinergie\" \/>\n<meta property=\"og:description\" content=\"[vc_row][vc_column width=\u00a0\u00bb1\/2&Prime;][vc_custom_heading text_size=\u00a0\u00bbh1&Prime; text_color=\u00a0\u00bbcolor-112796&Prime; separator=\u00a0\u00bbyes\u00a0\u00bb separator_color=\u00a0\u00bbyes\u00a0\u00bb]Na\u00efma Talbi[\/vc_custom_heading][vc_column_text]Infirmi\u00e8re anesth\u00e9siste, Hypnose Eriksonienne et Sophrologue Qui suis-je\u00a0? Aujourd\u2019hui, dans notre soci\u00e9t\u00e9, tout va [&hellip;]\" \/>\n<meta property=\"og:url\" content=\"https:\/\/www.kinergie.eu\/?page_id=73015\" \/>\n<meta property=\"og:site_name\" content=\"kinergie\" \/>\n<meta property=\"article:modified_time\" content=\"2022-02-03T17:44:45+00:00\" \/>\n<meta name=\"twitter:card\" content=\"summary_large_image\" \/>\n<meta name=\"twitter:label1\" content=\"Dur\u00e9e de lecture estim\u00e9e\" \/>\n\t<meta name=\"twitter:data1\" content=\"2 minutes\" \/>\n<script type=\"application\/ld+json\" class=\"yoast-schema-graph\">{\"@context\":\"https:\/\/schema.org\",\"@graph\":[{\"@type\":\"WebPage\",\"@id\":\"https:\/\/www.kinergie.eu\/?page_id=73015\",\"url\":\"https:\/\/www.kinergie.eu\/?page_id=73015\",\"name\":\"Na\u00efma Talbi - kinergie\",\"isPartOf\":{\"@id\":\"https:\/\/www.kinergie.eu\/#website\"},\"datePublished\":\"2018-12-30T14:30:31+00:00\",\"dateModified\":\"2022-02-03T17:44:45+00:00\",\"breadcrumb\":{\"@id\":\"https:\/\/www.kinergie.eu\/?page_id=73015#breadcrumb\"},\"inLanguage\":\"fr-FR\",\"potentialAction\":[{\"@type\":\"ReadAction\",\"target\":[\"https:\/\/www.kinergie.eu\/?page_id=73015\"]}]},{\"@type\":\"BreadcrumbList\",\"@id\":\"https:\/\/www.kinergie.eu\/?page_id=73015#breadcrumb\",\"itemListElement\":[{\"@type\":\"ListItem\",\"position\":1,\"name\":\"Accueil\",\"item\":\"https:\/\/www.kinergie.eu\/\"},{\"@type\":\"ListItem\",\"position\":2,\"name\":\"Na\u00efma Talbi\"}]},{\"@type\":\"WebSite\",\"@id\":\"https:\/\/www.kinergie.eu\/#website\",\"url\":\"https:\/\/www.kinergie.eu\/\",\"name\":\"Kinergie\",\"description\":\"Centre Kin\u00e9 \u00e0 Uccle\",\"publisher\":{\"@id\":\"https:\/\/www.kinergie.eu\/#organization\"},\"potentialAction\":[{\"@type\":\"SearchAction\",\"target\":{\"@type\":\"EntryPoint\",\"urlTemplate\":\"https:\/\/www.kinergie.eu\/?s={search_term_string}\"},\"query-input\":\"required name=search_term_string\"}],\"inLanguage\":\"fr-FR\"},{\"@type\":\"Organization\",\"@id\":\"https:\/\/www.kinergie.eu\/#organization\",\"name\":\"Kinergie\",\"url\":\"https:\/\/www.kinergie.eu\/\",\"logo\":{\"@type\":\"ImageObject\",\"inLanguage\":\"fr-FR\",\"@id\":\"https:\/\/www.kinergie.eu\/#\/schema\/logo\/image\/\",\"url\":\"https:\/\/www.kinergie.eu\/wp-content\/uploads\/2019\/01\/Logo12.png\",\"contentUrl\":\"https:\/\/www.kinergie.eu\/wp-content\/uploads\/2019\/01\/Logo12.png\",\"width\":700,\"height\":782,\"caption\":\"Kinergie\"},\"image\":{\"@id\":\"https:\/\/www.kinergie.eu\/#\/schema\/logo\/image\/\"}}]}<\/script>\n<!-- \/ Yoast SEO plugin. -->","yoast_head_json":{"title":"Na\u00efma Talbi - kinergie","robots":{"index":"index","follow":"follow","max-snippet":"max-snippet:-1","max-image-preview":"max-image-preview:large","max-video-preview":"max-video-preview:-1"},"canonical":"https:\/\/www.kinergie.eu\/?page_id=73015","og_locale":"fr_FR","og_type":"article","og_title":"Na\u00efma Talbi - kinergie","og_description":"[vc_row][vc_column width=\u00a0\u00bb1\/2&Prime;][vc_custom_heading text_size=\u00a0\u00bbh1&Prime; text_color=\u00a0\u00bbcolor-112796&Prime; separator=\u00a0\u00bbyes\u00a0\u00bb separator_color=\u00a0\u00bbyes\u00a0\u00bb]Na\u00efma Talbi[\/vc_custom_heading][vc_column_text]Infirmi\u00e8re anesth\u00e9siste, Hypnose Eriksonienne et Sophrologue Qui suis-je\u00a0? Aujourd\u2019hui, dans notre soci\u00e9t\u00e9, tout va [&hellip;]","og_url":"https:\/\/www.kinergie.eu\/?page_id=73015","og_site_name":"kinergie","article_modified_time":"2022-02-03T17:44:45+00:00","twitter_card":"summary_large_image","twitter_misc":{"Dur\u00e9e de lecture estim\u00e9e":"2 minutes"},"schema":{"@context":"https:\/\/schema.org","@graph":[{"@type":"WebPage","@id":"https:\/\/www.kinergie.eu\/?page_id=73015","url":"https:\/\/www.kinergie.eu\/?page_id=73015","name":"Na\u00efma Talbi - kinergie","isPartOf":{"@id":"https:\/\/www.kinergie.eu\/#website"},"datePublished":"2018-12-30T14:30:31+00:00","dateModified":"2022-02-03T17:44:45+00:00","breadcrumb":{"@id":"https:\/\/www.kinergie.eu\/?page_id=73015#breadcrumb"},"inLanguage":"fr-FR","potentialAction":[{"@type":"ReadAction","target":["https:\/\/www.kinergie.eu\/?page_id=73015"]}]},{"@type":"BreadcrumbList","@id":"https:\/\/www.kinergie.eu\/?page_id=73015#breadcrumb","itemListElement":[{"@type":"ListItem","position":1,"name":"Accueil","item":"https:\/\/www.kinergie.eu\/"},{"@type":"ListItem","position":2,"name":"Na\u00efma Talbi"}]},{"@type":"WebSite","@id":"https:\/\/www.kinergie.eu\/#website","url":"https:\/\/www.kinergie.eu\/","name":"Kinergie","description":"Centre Kin\u00e9 \u00e0 Uccle","publisher":{"@id":"https:\/\/www.kinergie.eu\/#organization"},"potentialAction":[{"@type":"SearchAction","target":{"@type":"EntryPoint","urlTemplate":"https:\/\/www.kinergie.eu\/?s={search_term_string}"},"query-input":"required name=search_term_string"}],"inLanguage":"fr-FR"},{"@type":"Organization","@id":"https:\/\/www.kinergie.eu\/#organization","name":"Kinergie","url":"https:\/\/www.kinergie.eu\/","logo":{"@type":"ImageObject","inLanguage":"fr-FR","@id":"https:\/\/www.kinergie.eu\/#\/schema\/logo\/image\/","url":"https:\/\/www.kinergie.eu\/wp-content\/uploads\/2019\/01\/Logo12.png","contentUrl":"https:\/\/www.kinergie.eu\/wp-content\/uploads\/2019\/01\/Logo12.png","width":700,"height":782,"caption":"Kinergie"},"image":{"@id":"https:\/\/www.kinergie.eu\/#\/schema\/logo\/image\/"}}]}},"_links":{"self":[{"href":"https:\/\/www.kinergie.eu\/index.php?rest_route=\/wp\/v2\/pages\/73015"}],"collection":[{"href":"https:\/\/www.kinergie.eu\/index.php?rest_route=\/wp\/v2\/pages"}],"about":[{"href":"https:\/\/www.kinergie.eu\/index.php?rest_route=\/wp\/v2\/types\/page"}],"author":[{"embeddable":true,"href":"https:\/\/www.kinergie.eu\/index.php?rest_route=\/wp\/v2\/users\/1"}],"replies":[{"embeddable":true,"href":"https:\/\/www.kinergie.eu\/index.php?rest_route=%2Fwp%2Fv2%2Fcomments&post=73015"}],"version-history":[{"count":30,"href":"https:\/\/www.kinergie.eu\/index.php?rest_route=\/wp\/v2\/pages\/73015\/revisions"}],"predecessor-version":[{"id":74210,"href":"https:\/\/www.kinergie.eu\/index.php?rest_route=\/wp\/v2\/pages\/73015\/revisions\/74210"}],"wp:attachment":[{"href":"https:\/\/www.kinergie.eu\/index.php?rest_route=%2Fwp%2Fv2%2Fmedia&parent=73015"}],"curies":[{"name":"wp","href":"https:\/\/api.w.org\/{rel}","templated":true}]}}